{"id":851,"date":"2025-05-16T03:25:44","date_gmt":"2025-05-16T01:25:44","guid":{"rendered":"https:\/\/cansaladeriesaldoma.cat\/inici\/"},"modified":"2026-01-12T16:07:36","modified_gmt":"2026-01-12T15:07:36","slug":"inici","status":"publish","type":"page","link":"https:\/\/cansaladeriesaldoma.cat\/es\/","title":{"rendered":"Inicio"},"content":{"rendered":"<div id=\"gutenslider-eg6jn82s2\" class=\"wp-block-eedee-block-gutenslider gs-frontend content-change alignfull arrow-style-1 arrow-position-sides arrow-mb-none arrows-lg arrows-md arrows-sm dot-style-1 dots-lg dots-md dots-sm dot-position-bottom is-position-center-center mb-none wrap-auto-height\" data-parallax-direction=\"down\" data-parallax-amount=\"1.3\" data-lg-transition=\"lg-slide\" data-hash=\"\" ><div class=\"eedee-swiper-outer\" style=\"--gutenslider-min-height: 65vh;--gutenslider-arrow-size: 30px;--gutenslider-dot-size: 25px;--gutenslider-arrow-color: #ffffff;--gutenslider-dot-color: #ffffff;--gutenslider-padding-y-mobile: 40px;--gutenslider-padding-x-mobile: 40px;--gutenslider-padding-y-tablet: 40px;--gutenslider-padding-x-tablet: 40px;--gutenslider-padding-y-desktop: 40px;--gutenslider-padding-x-desktop: 40px;--gutenslider-bg-image: url();--gutenslider-min-height-md: 50vh;--gutenslider-min-height-sm: 50vh;--gutenslider-padding-x: 40px;--gutenslider-padding-x-md: 40px;--gutenslider-padding-x-sm: 20px;--gutenslider-padding-y: 40px;--gutenslider-padding-y-md: 40px;--gutenslider-padding-y-sm: 20px;--gutenslider-arrow-size-md: 30px;--gutenslider-arrow-size-sm: 30px;--gutenslider-dot-size-md: 25px;--gutenslider-dot-size-sm: 25px;--gutenslider-arrow-bg-color: transparent;--gutenslider-arrow-hover-color: #eeeeee;--gutenslider-arrow-bg-hover-color: transparent;--gutenslider-arrow-x-offset: 10px;--gutenslider-arrow-x-offset-md: 10px;--gutenslider-arrow-x-offset-sm: 10px;--gutenslider-arrow-y-offset: 0px;--gutenslider-arrow-y-offset-md: 0px;--gutenslider-arrow-y-offset-sm: 0px;--gutenslider-arrow-x-spacing: 0px;--gutenslider-dot-y-offset: 10px;--gutenslider-dot-y-offset-md: 10px;--gutenslider-dot-y-offset-sm: 10px;--gutenslider-margin-x: 0px;--gutenslider-margin-x-md: 0px;--gutenslider-margin-x-sm: 0px;--gutenslider-margin-y: 0px;--gutenslider-margin-y-md: 0px;--gutenslider-margin-y-sm: 0px;--gutenslider-divider-top: 60px;--gutenslider-divider-bottom: 60px;--gutenslider-lightgallery-bg: #ffffff;--gutenslider-lightgallery-font: #000000;--gs-first-pos: 50% 50%;--gs-gap-vertical: var( --wp--style--gallery-gap-default, var( --gallery-block--gutter-size, var( --wp--style--block-gap, 0.5em ) ) );--gs-gap-horizontal: var( --wp--style--gallery-gap-default, var( --gallery-block--gutter-size, var( --wp--style--block-gap, 0.5em ) ) );\"><div class=\"gutenslider-divider-top\" style=\"color:#fff;\"><\/div><div class=\"swiper\" data-settings='{\"autoplay\":{\"delay\":3000,\"pauseOnMouseEnter\":true,\"disableOnInteraction\":false},\"speed\":700,\"direction\":\"horizontal\",\"autoHeight\":\"\",\"loop\":true,\"centeredSlides\":true,\"spaceBetween\":0,\"slidesPerView\":1,\"slidesPerGroup\":1,\"effect\":\"slide\",\"coverflowEffect\":{\"rotate\":30,\"slideShadows\":false,\"depth\":100,\"stretch\":50,\"modifier\":1},\"fadeEffect\":{\"crossFade\":true},\"zoom\":\"\",\"navigation\":{\"nextEl\":\"#gutenslider-eg6jn82s2 .eedee-gutenslider-next\",\"prevEl\":\"#gutenslider-eg6jn82s2 .eedee-gutenslider-prev\"},\"pagination\":{\"type\":\"bullets\",\"clickable\":true,\"dynamicBullets\":false,\"el\":\"#gutenslider-eg6jn82s2 .eedee-gutenslider-pagination\"},\"pauseOnHover\":\"1\",\"watchSlidesProgress\":true,\"watchSlidesVisibility\":true,\"settingsMd\":{\"autoHeight\":\"\",\"slidesPerView\":1,\"slidesPerGroup\":1,\"spaceBetween\":0,\"loop\":true},\"settingsLg\":{\"autoHeight\":\"\",\"slidesPerView\":1,\"slidesPerGroup\":1,\"spaceBetween\":0,\"loop\":true},\"hasLg\":false,\"hasLgCounter\":true,\"isFullScreen\":false,\"arrowsFollowMouse\":false,\"lgTitle\":\"none\",\"lgCaption\":\"none\",\"lgThumbnails\":true,\"lgZoomEnabled\":false,\"keyboard\":{\"keyboard\":{\"enabled\":true,\"onlyInViewport\":true}},\"hashNavigation\":false,\"dividers\":false}'><div class=\"swiper-wrapper\">\n<div class=\"swiper-slide wp-block-eedee-block-gutenslide is-position-center-center ed-bg-image\" style=\"--ed-vw:300;--ed-vh:113;\" data-hash=\"\"><div class=\"eedee-background-div bg-image\"><img alt=\"\" loading=\"lazy\" width=\"1024\" height=\"386\" class=\"wp-image-768\" src=\"https:\/\/cansaladeriesaldoma.cat\/wp-content\/uploads\/2025\/07\/parada_hostafrancs-06-1-1-1024x386.jpg\" alt=\"\" decoding=\"async\" style=\"object-fit: cover; object-position: 50% 50%;\"  data-title=\"parada_hostafrancs-06 1\" srcset=\"https:\/\/cansaladeriesaldoma.cat\/wp-content\/uploads\/2025\/07\/parada_hostafrancs-06-1-1-1024x386.jpg 1024w, https:\/\/cansaladeriesaldoma.cat\/wp-content\/uploads\/2025\/07\/parada_hostafrancs-06-1-1-300x113.jpg 300w, https:\/\/cansaladeriesaldoma.cat\/wp-content\/uploads\/2025\/07\/parada_hostafrancs-06-1-1-768x290.jpg 768w, https:\/\/cansaladeriesaldoma.cat\/wp-content\/uploads\/2025\/07\/parada_hostafrancs-06-1-1-1536x580.jpg 1536w, https:\/\/cansaladeriesaldoma.cat\/wp-content\/uploads\/2025\/07\/parada_hostafrancs-06-1-1.jpg 1921w\" sizes=\"auto, (max-width: 1024px) 100vw, 1024px\" \/><div class=\"eedee-background-div__overlay\" style=\"opacity:1;\"><\/div><\/div><div class=\"slide-content\">\n\n<p class=\"has-text-align-center gutenslider-content-initial has-larger-font-size\"><\/p>\n\n<\/div><\/div>\n\n<div class=\"swiper-slide wp-block-eedee-block-gutenslide is-position-center-center ed-bg-image\" style=\"--ed-vw:600;--ed-vh:371;\" data-hash=\"\"><div class=\"eedee-background-div bg-image\"><img alt=\"\" loading=\"lazy\" width=\"1654\" height=\"1024\" class=\"wp-image-785\" src=\"https:\/\/cansaladeriesaldoma.cat\/wp-content\/uploads\/2025\/07\/lineal-hostafrancs-115-1654x1024.webp\" alt=\"\" decoding=\"async\" style=\"object-fit: cover; object-position: 50% 50%;\"  data-title=\"lineal_hostafrancs-115\" srcset=\"https:\/\/cansaladeriesaldoma.cat\/wp-content\/uploads\/2025\/07\/lineal-hostafrancs-115-1654x1024.webp 1654w, https:\/\/cansaladeriesaldoma.cat\/wp-content\/uploads\/2025\/07\/lineal-hostafrancs-115-600x371.webp 600w, https:\/\/cansaladeriesaldoma.cat\/wp-content\/uploads\/2025\/07\/lineal-hostafrancs-115-768x476.webp 768w, https:\/\/cansaladeriesaldoma.cat\/wp-content\/uploads\/2025\/07\/lineal-hostafrancs-115-50x31.webp 50w, https:\/\/cansaladeriesaldoma.cat\/wp-content\/uploads\/2025\/07\/lineal-hostafrancs-115-1600x991.webp 1600w\" sizes=\"auto, (max-width: 1654px) 100vw, 1654px\" \/><div class=\"eedee-background-div__overlay\" style=\"opacity:1;\"><\/div><\/div><div class=\"slide-content\">\n\n<p class=\"has-text-align-center gutenslider-content-initial has-larger-font-size\"><\/p>\n\n<\/div><\/div>\n\n<div class=\"swiper-slide wp-block-eedee-block-gutenslide is-position-center-center ed-bg-image\" style=\"--ed-vw:600;--ed-vh:459;\" data-hash=\"\"><div class=\"eedee-background-div bg-image\"><img alt=\"\" loading=\"lazy\" width=\"1338\" height=\"1024\" class=\"wp-image-804\" src=\"https:\/\/cansaladeriesaldoma.cat\/wp-content\/uploads\/2025\/07\/parada-hostafrancs-06-2-1338x1024.webp\" alt=\"\" decoding=\"async\" style=\"object-fit: cover; object-position: 50% 50%;\"  data-title=\"parada_hostafrancs-06 2\" srcset=\"https:\/\/cansaladeriesaldoma.cat\/wp-content\/uploads\/2025\/07\/parada-hostafrancs-06-2-1338x1024.webp 1338w, https:\/\/cansaladeriesaldoma.cat\/wp-content\/uploads\/2025\/07\/parada-hostafrancs-06-2-600x459.webp 600w, https:\/\/cansaladeriesaldoma.cat\/wp-content\/uploads\/2025\/07\/parada-hostafrancs-06-2-768x588.webp 768w, https:\/\/cansaladeriesaldoma.cat\/wp-content\/uploads\/2025\/07\/parada-hostafrancs-06-2-50x38.webp 50w, https:\/\/cansaladeriesaldoma.cat\/wp-content\/uploads\/2025\/07\/parada-hostafrancs-06-2-1600x1224.webp 1600w\" sizes=\"auto, (max-width: 1338px) 100vw, 1338px\" \/><div class=\"eedee-background-div__overlay\" style=\"opacity:1;\"><\/div><\/div><div class=\"slide-content\">\n\n<p class=\"has-text-align-center gutenslider-content-initial has-larger-font-size\"><\/p>\n\n<\/div><\/div>\n<\/div><\/div><button class=\"eedee-gutenslider-nav eedee-gutenslider-prev\"><svg xmlns=\"http:\/\/www.w3.org\/2000\/svg\" viewBox=\"0 0 24 24\" width=\"24\" height=\"24\"><circle class=\"bg\" cx=\"13\" cy=\"12\" r=\"11\" \/><path fill=\"none\" d=\"M0 0h24v24H0z\"\/><path class=\"arrow\" d=\"M10.828 12l4.95 4.95-1.414 1.414L8 12l6.364-6.364 1.414 1.414z\"\/><\/svg><\/button><button class=\"eedee-gutenslider-nav eedee-gutenslider-next\"><svg xmlns=\"http:\/\/www.w3.org\/2000\/svg\" viewBox=\"0 0 24 24\" width=\"24\" height=\"24\"><circle class=\"bg\" cx=\"11\" cy=\"12\" r=\"11\" \/><path fill=\"none\" d=\"M0 0h24v24H0z\"\/><path class=\"arrow\" d=\"M13.172 12l-4.95-4.95 1.414-1.414L16 12l-6.364 6.364-1.414-1.414z\"\/><\/svg><\/button><div class=\"eedee-gutenslider-pagination\"><\/div><div class=\"gutenslider-divider-bottom \" style=\"color:#fff;\"><\/div><\/div><\/div>\n\n\n<div class=\"wp-block-group alignfull has-white-background-color has-background has-global-padding is-layout-constrained wp-container-core-group-is-layout-a51abea4 wp-block-group-is-layout-constrained\" style=\"padding-top:var(--wp--preset--spacing--50);padding-bottom:var(--wp--preset--spacing--50)\">\n<figure class=\"wp-block-image aligncenter size-full\" data-aos=\"fade-down\"><img alt=\"\" loading=\"lazy\" decoding=\"async\" width=\"195\" height=\"189\" src=\"https:\/\/cansaladeriesaldoma.cat\/wp-content\/uploads\/2025\/07\/desde1964.png\" alt=\"\" class=\"wp-image-500\"\/><\/figure>\n\n\n\n<div class=\"wp-block-group aligncenter is-layout-flow wp-container-core-group-is-layout-44a2f1db wp-block-group-is-layout-flow\" style=\"padding-right:0;padding-left:0\" data-aos=\"fade-up\">\n<h2 class=\"wp-block-heading has-text-align-center has-huge-font-size\" style=\"font-style:normal;font-weight:400\">Desde 1964,<\/h2>\n\n\n\n<p class=\"has-text-align-center has-default-font-family has-medium-font-size\" style=\"font-style:normal;font-weight:400;line-height:1.8\">en Cansaladeries Aldom\u00e0 elaboramos nuestros productos artesanalmente de forma tradicional, seleccionando las mejores materias primas para garantizar productos \u00fanicos y llenos de sabor.<\/p>\n\n\n\n<div class=\"wp-block-buttons is-content-justification-center is-layout-flex wp-container-core-buttons-is-layout-a89b3969 wp-block-buttons-is-layout-flex\">\n<div class=\"wp-block-button\"><a class=\"wp-block-button__link has-border-color has-primary-border-color has-text-align-center wp-element-button\" href=\"https:\/\/cansaladeriesaldoma.cat\/es\/historia\/\" style=\"border-width:1px;font-style:normal;font-weight:400\"> Conoce nuestra historia<\/a><\/div>\n<\/div>\n<\/div>\n<\/div>\n\n\n\n<div class=\"wp-block-group alignfull seccio-media-text-home seccio-media-text-home__wrapper is-layout-flow wp-block-group-is-layout-flow\" style=\"margin-top:0;margin-bottom:0;padding-top:0;padding-bottom:0\">\n<div class=\"wp-block-media-text has-media-on-the-right is-stacked-on-mobile is-image-fill-element seccio-media-text-home__content has-gray-light-background-color has-background\" data-aos=\"fade\"><div class=\"wp-block-media-text__content\">\n<div class=\"wp-block-group seccio-media-text-home__text-wrapper has-global-padding is-content-justification-right is-layout-constrained wp-container-core-group-is-layout-e85a97ab wp-block-group-is-layout-constrained\" style=\"padding-top:var(--wp--preset--spacing--50);padding-bottom:var(--wp--preset--spacing--50)\" data-aos=\"fade-right\">\n<h2 class=\"wp-block-heading has-huge-font-size\" style=\"font-style:normal;font-weight:400\">La Parada<\/h2>\n\n\n\n<p class=\"has-medium-font-size\" style=\"font-style:normal;font-weight:400;line-height:1.8\">Desde el Mercado de Hostafrancs, nuestra tociner\u00eda te invita a descubrir una selecci\u00f3n de productos artesanales de la m\u00e1xima calidad. Desde elaboraciones propias, pasando por embutidos tradicionales y especialidades regionales, hasta nuestra selecci\u00f3n de quesos.<\/p>\n\n\n\n<div class=\"wp-block-buttons is-layout-flex wp-block-buttons-is-layout-flex\">\n<div class=\"wp-block-button\"><a class=\"wp-block-button__link has-border-color has-primary-border-color wp-element-button\" href=\"https:\/\/cansaladeriesaldoma.cat\/es\/la-parada\/\" style=\"border-width:1px;font-style:normal;font-weight:300\">Ver parada<\/a><\/div>\n<\/div>\n<\/div>\n<\/div><figure class=\"wp-block-media-text__media\"><img alt=\"\" loading=\"lazy\" decoding=\"async\" width=\"961\" height=\"571\" src=\"https:\/\/cansaladeriesaldoma.cat\/wp-content\/uploads\/2025\/07\/parada_hostafrancs.jpg\" alt=\"\" class=\"wp-image-511 size-full\" style=\"object-position:50% 50%\" srcset=\"https:\/\/cansaladeriesaldoma.cat\/wp-content\/uploads\/2025\/07\/parada_hostafrancs.jpg 961w, https:\/\/cansaladeriesaldoma.cat\/wp-content\/uploads\/2025\/07\/parada_hostafrancs-300x178.jpg 300w, https:\/\/cansaladeriesaldoma.cat\/wp-content\/uploads\/2025\/07\/parada_hostafrancs-768x456.jpg 768w\" sizes=\"auto, (max-width: 961px) 100vw, 961px\" \/><\/figure><\/div>\n<\/div>\n\n\n\n<div class=\"wp-block-group alignfull seccio-media-text-home seccio-media-text-home__wrapper is-layout-flow wp-block-group-is-layout-flow\" style=\"margin-top:0;margin-bottom:0\">\n<div class=\"wp-block-media-text is-stacked-on-mobile is-image-fill-element seccio-media-text-home__content has-gray-light-background-color has-background\" data-aos=\"fade\"><figure class=\"wp-block-media-text__media\"><img alt=\"\" loading=\"lazy\" decoding=\"async\" width=\"959\" height=\"571\" src=\"https:\/\/cansaladeriesaldoma.cat\/wp-content\/uploads\/2025\/07\/parada_hostafrancs2.jpg\" alt=\"\" class=\"wp-image-765 size-full\" style=\"object-position:50% 50%\" srcset=\"https:\/\/cansaladeriesaldoma.cat\/wp-content\/uploads\/2025\/07\/parada_hostafrancs2.jpg 959w, https:\/\/cansaladeriesaldoma.cat\/wp-content\/uploads\/2025\/07\/parada_hostafrancs2-300x179.jpg 300w, https:\/\/cansaladeriesaldoma.cat\/wp-content\/uploads\/2025\/07\/parada_hostafrancs2-768x457.jpg 768w\" sizes=\"auto, (max-width: 959px) 100vw, 959px\" \/><\/figure><div class=\"wp-block-media-text__content\">\n<div class=\"wp-block-group seccio-media-text-home__text-wrapper has-global-padding is-content-justification-left is-layout-constrained wp-container-core-group-is-layout-a6e0d901 wp-block-group-is-layout-constrained\" style=\"padding-top:var(--wp--preset--spacing--50);padding-bottom:var(--wp--preset--spacing--50)\" data-aos=\"fade-left\">\n<h2 class=\"wp-block-heading has-huge-font-size\" style=\"font-style:normal;font-weight:400\">Productos<\/h2>\n\n\n\n<p class=\"has-medium-font-size\" style=\"font-style:normal;font-weight:400;line-height:1.8\">En Cansaladeries Aldom\u00e0 encontrar\u00e1s productos artesanales hechos con las recetas tradicionales desde 1964, mejoradas por nuestro maestro artesano Tom\u00e0s Aldom\u00e0 que utiliza el recetario de anta\u00f1o con la tecnolog\u00eda del siglo XXI.<\/p>\n\n\n\n<div class=\"wp-block-buttons is-layout-flex wp-block-buttons-is-layout-flex\">\n<div class=\"wp-block-button\"><a class=\"wp-block-button__link has-border-color has-primary-border-color wp-element-button\" href=\"https:\/\/cansaladeriesaldoma.cat\/es\/productes\/\" style=\"border-width:1px;font-style:normal;font-weight:300\">Ver productos<\/a><\/div>\n<\/div>\n<\/div>\n<\/div><\/div>\n<\/div>\n\n\n\n<div class=\"wp-block-group alignfull seccio-media-text-home seccio-media-text-home__wrapper is-layout-flow wp-block-group-is-layout-flow\" style=\"margin-top:0;margin-bottom:0;padding-top:0;padding-bottom:0\">\n<div class=\"wp-block-media-text has-media-on-the-right is-stacked-on-mobile is-image-fill-element seccio-media-text-home__content has-gray-light-background-color has-background\" data-aos=\"fade\"><div class=\"wp-block-media-text__content\">\n<div class=\"wp-block-group seccio-media-text-home__text-wrapper has-global-padding is-content-justification-right is-layout-constrained wp-container-core-group-is-layout-e85a97ab wp-block-group-is-layout-constrained\" style=\"padding-top:var(--wp--preset--spacing--50);padding-bottom:var(--wp--preset--spacing--50)\" data-aos=\"fade-right\">\n<h2 class=\"wp-block-heading has-huge-font-size\" style=\"font-style:normal;font-weight:400\">Haz tu pedido<\/h2>\n\n\n\n<p class=\"has-medium-font-size\" style=\"font-style:normal;font-weight:400;line-height:1.8\">Haz tu pedido por WhatsApp o tel\u00e9fono y ven a buscarlo cuando te vaya bien. \u00a1F\u00e1cil y r\u00e1pido!<\/p>\n\n\n\n<div class=\"wp-block-buttons is-layout-flex wp-block-buttons-is-layout-flex\">\n<div class=\"wp-block-button whatsappBut is-style-whatsapp\"><a class=\"wp-block-button__link wp-element-button\" href=\"https:\/\/wa.me\/+34640524018\" style=\"font-style:normal;font-weight:400\" target=\"_blank\" rel=\"noreferrer noopener\">REALIZAR PEDIDO<\/a><\/div>\n<\/div>\n<\/div>\n<\/div><figure class=\"wp-block-media-text__media\"><img alt=\"\" loading=\"lazy\" decoding=\"async\" width=\"1365\" height=\"1024\" src=\"https:\/\/cansaladeriesaldoma.cat\/wp-content\/uploads\/2025\/07\/parada-hostafrancs-36-1-1365x1024.webp\" alt=\"\" class=\"wp-image-800 size-full\" style=\"object-position:50% 50%\" srcset=\"https:\/\/cansaladeriesaldoma.cat\/wp-content\/uploads\/2025\/07\/parada-hostafrancs-36-1-1365x1024.webp 1365w, https:\/\/cansaladeriesaldoma.cat\/wp-content\/uploads\/2025\/07\/parada-hostafrancs-36-1-600x450.webp 600w, https:\/\/cansaladeriesaldoma.cat\/wp-content\/uploads\/2025\/07\/parada-hostafrancs-36-1-768x576.webp 768w, https:\/\/cansaladeriesaldoma.cat\/wp-content\/uploads\/2025\/07\/parada-hostafrancs-36-1-50x38.webp 50w, https:\/\/cansaladeriesaldoma.cat\/wp-content\/uploads\/2025\/07\/parada-hostafrancs-36-1-1600x1200.webp 1600w\" sizes=\"auto, (max-width: 1365px) 100vw, 1365px\" \/><\/figure><\/div>\n<\/div>\n\n\n\n<div class=\"wp-block-group alignfull has-primary-background-color has-background is-vertical is-content-justification-center is-layout-flex wp-container-core-group-is-layout-b20d9d22 wp-block-group-is-layout-flex\" style=\"min-height:60vh;margin-top:0;margin-bottom:0;padding-top:var(--wp--preset--spacing--50);padding-bottom:var(--wp--preset--spacing--50)\">\n<div class=\"wp-block-group has-global-padding is-layout-constrained wp-block-group-is-layout-constrained\">\n<div class=\"wp-block-columns are-vertically-aligned-center illustration_artesan is-layout-flex wp-container-core-columns-is-layout-28f84493 wp-block-columns-is-layout-flex\">\n<div class=\"wp-block-column is-vertically-aligned-center is-layout-flow wp-block-column-is-layout-flow\" style=\"flex-basis:60%\" data-aos=\"slide-right\">\n<h2 class=\"wp-block-heading has-huge-font-size\" style=\"font-style:normal;font-weight:400\">Somos maestros artesanos<\/h2>\n\n\n\n<p class=\"has-medium-font-size\" style=\"font-style:normal;font-weight:400;line-height:1.8\">Tom\u00e0s Aldom\u00e0, gerente de la Cansaladeria Aldom\u00e0, distinguido como <strong>Maestro Artesano Alimentario<\/strong> otorgado por el Departamento de Agricultura, Ganader\u00eda, Pesca y Alimentaci\u00f3n de la Generalitat.<\/p>\n\n\n\n<div class=\"wp-block-buttons is-layout-flex wp-block-buttons-is-layout-flex\">\n<div class=\"wp-block-button noticiaButton is-style-negative\"><a class=\"wp-block-button__link wp-element-button\" href=\"https:\/\/www.somlesfranqueses.cat\/\/noticia\/100893\/el-cansalader-tomas-aldoma-distingit-amb-el-diploma-de-mestre-artesa-alimentari\" style=\"font-style:normal;font-weight:400\" target=\"_blank\" rel=\"noreferrer noopener\">VER NOTICIA<\/a><\/div>\n<\/div>\n<\/div>\n\n\n\n<div class=\"wp-block-column is-vertically-aligned-center has-primary-background-color has-background is-layout-flow wp-block-column-is-layout-flow\" style=\"flex-basis:40%\" data-aos=\"slide-left\" data-aos-duration=\"950\">\n<figure class=\"wp-block-image aligncenter is-style-mixblend\"><img alt=\"\" loading=\"lazy\" decoding=\"async\" width=\"295\" height=\"366\" src=\"https:\/\/cansaladeriesaldoma.cat\/wp-content\/uploads\/2025\/07\/ilustracio_cansaladeria_21.png\" alt=\"\" class=\"wp-image-569\" srcset=\"https:\/\/cansaladeriesaldoma.cat\/wp-content\/uploads\/2025\/07\/ilustracio_cansaladeria_21.png 295w, https:\/\/cansaladeriesaldoma.cat\/wp-content\/uploads\/2025\/07\/ilustracio_cansaladeria_21-242x300.png 242w\" sizes=\"auto, (max-width: 295px) 100vw, 295px\" \/><\/figure>\n<\/div>\n<\/div>\n<\/div>\n<\/div>\n","protected":false},"excerpt":{"rendered":"<p>Desde 1964, en Cansaladeries Aldom\u00e0 elaboramos nuestros productos artesanalmente de forma tradicional, seleccionando las mejores materias primas para garantizar productos \u00fanicos y llenos de sabor. La Parada Desde el Mercado de Hostafrancs, nuestra tociner\u00eda te invita a descubrir una selecci\u00f3n de productos artesanales de la m\u00e1xima calidad. Desde elaboraciones propias, pasando por embutidos tradicionales y [&hellip;]<\/p>\n","protected":false},"author":1,"featured_media":0,"parent":0,"menu_order":0,"comment_status":"closed","ping_status":"closed","template":"","meta":{"_seopress_robots_primary_cat":"","_seopress_titles_title":"","_seopress_titles_desc":"","_seopress_robots_index":"","_eb_attr":"","inline_featured_image":false,"footnotes":""},"class_list":["post-851","page","type-page","status-publish","hentry"],"_links":{"self":[{"href":"https:\/\/cansaladeriesaldoma.cat\/es\/wp-json\/wp\/v2\/pages\/851","targetHints":{"allow":["GET"]}}],"collection":[{"href":"https:\/\/cansaladeriesaldoma.cat\/es\/wp-json\/wp\/v2\/pages"}],"about":[{"href":"https:\/\/cansaladeriesaldoma.cat\/es\/wp-json\/wp\/v2\/types\/page"}],"author":[{"embeddable":true,"href":"https:\/\/cansaladeriesaldoma.cat\/es\/wp-json\/wp\/v2\/users\/1"}],"replies":[{"embeddable":true,"href":"https:\/\/cansaladeriesaldoma.cat\/es\/wp-json\/wp\/v2\/comments?post=851"}],"version-history":[{"count":0,"href":"https:\/\/cansaladeriesaldoma.cat\/es\/wp-json\/wp\/v2\/pages\/851\/revisions"}],"wp:attachment":[{"href":"https:\/\/cansaladeriesaldoma.cat\/es\/wp-json\/wp\/v2\/media?parent=851"}],"curies":[{"name":"wp","href":"https:\/\/api.w.org\/{rel}","templated":true}]}}