{"id":854,"date":"2025-07-03T19:23:09","date_gmt":"2025-07-03T17:23:09","guid":{"rendered":"https:\/\/cansaladeriesaldoma.cat\/historia\/"},"modified":"2025-09-09T11:30:20","modified_gmt":"2025-09-09T09:30:20","slug":"historia","status":"publish","type":"page","link":"https:\/\/cansaladeriesaldoma.cat\/es\/historia\/","title":{"rendered":"Historia"},"content":{"rendered":"\n<header class=\"wp-block-group alignfull header-pattern has-white-background-color has-background has-global-padding is-layout-constrained wp-block-group-is-layout-constrained\" style=\"margin-bottom:0;padding-bottom:var(--wp--preset--spacing--40)\"><nav class=\"breadcrumb\" itemprop=\"breadcrumb\">\n\t<ul>\n\t\t<li class=\"breadcrumb__home\">\n\t\t\t<a href=\"https:\/\/cansaladeriesaldoma.cat\/es\/\">\n\t\t\t\t\t\t\t\t<span class=\"home-text\">Inicio<\/span>\n\t\t\t<\/a>\n\t\t<\/li>\n\t\t\n\t\t\t\t\n\t\t\t\t\n\t<\/ul>\n<\/nav>\n\n\n\n<h1 class=\"wp-block-heading has-text-align-center\">Historia Cansaladeries Aldom\u00e0<\/h1>\n<\/header>\n\n\n\n<div class=\"wp-block-group alignwide is-style-section has-gray-light-background-color has-background has-global-padding is-layout-constrained wp-block-group-is-layout-constrained\" style=\"margin-top:0;margin-bottom:0\">\n<div class=\"wp-block-group has-gray-light-background-color has-background is-vertical is-layout-flex wp-container-core-group-is-layout-66655200 wp-block-group-is-layout-flex\" style=\"margin-bottom:var(--wp--preset--spacing--50);padding-right:0;padding-left:0\">\n<div class=\"wp-block-columns has-gray-light-background-color has-background is-layout-flex wp-container-core-columns-is-layout-a5331a9e wp-block-columns-is-layout-flex\" style=\"padding-top:0;padding-right:0;padding-bottom:0;padding-left:0\">\n<div class=\"wp-block-column is-layout-flow wp-block-column-is-layout-flow\" style=\"flex-basis:33.33%\">\n<figure class=\"wp-block-image aligncenter size-full imgCansalad\"><img alt=\"\" loading=\"lazy\" decoding=\"async\" width=\"286\" height=\"277\" src=\"https:\/\/cansaladeriesaldoma.cat\/wp-content\/uploads\/2025\/07\/ilustracio_cansaladeria1Historia.png\" alt=\"\" class=\"wp-image-599\"\/><\/figure>\n<\/div>\n\n\n\n<div class=\"wp-block-column is-vertically-aligned-center is-layout-flow wp-block-column-is-layout-flow\" style=\"flex-basis:66.66%\">\n<div class=\"wp-block-group has-global-padding is-content-justification-left is-layout-constrained wp-container-core-group-is-layout-0e0a5664 wp-block-group-is-layout-constrained\">\n<p class=\"has-text-color-color has-text-color has-link-color has-medium-font-size wp-elements-69d944cb969c4b71e4caa356d867fd6e\" style=\"font-style:normal;font-weight:400\">Desde 1964, en Cansaladeries Aldom\u00e0 elaboramos nuestros productos artesanalmente de forma tradicional, seleccionando las mejores materias primas para garantizar productos \u00fanicos y llenos de sabor.<\/p>\n<\/div>\n<\/div>\n<\/div>\n\n\n\n<div class=\"wp-block-columns has-gray-light-background-color has-background is-layout-flex wp-container-core-columns-is-layout-a5331a9e wp-block-columns-is-layout-flex\" style=\"padding-top:0;padding-right:0;padding-bottom:0;padding-left:0\">\n<div class=\"wp-block-column is-layout-flow wp-block-column-is-layout-flow\" style=\"flex-basis:33.33%\">\n<figure data-wp-context=\"{&quot;imageId&quot;:&quot;69e77d1c4147a&quot;}\" data-wp-interactive=\"core\/image\" data-wp-key=\"69e77d1c4147a\" class=\"wp-block-image aligncenter size-large imgCansalad wp-lightbox-container\" style=\"margin-top:var(--wp--preset--spacing--10);margin-bottom:var(--wp--preset--spacing--10)\"><img alt=\"\" loading=\"lazy\" decoding=\"async\" width=\"1365\" height=\"1024\" data-wp-class--hide=\"state.isContentHidden\" data-wp-class--show=\"state.isContentVisible\" data-wp-init=\"callbacks.setButtonStyles\" data-wp-on--click=\"actions.showLightbox\" data-wp-on--load=\"callbacks.setButtonStyles\" data-wp-on-window--resize=\"callbacks.setButtonStyles\" src=\"https:\/\/cansaladeriesaldoma.cat\/wp-content\/uploads\/2025\/07\/historia-01-1x-1365x1024.webp\" alt=\"\" class=\"wp-image-822\" srcset=\"https:\/\/cansaladeriesaldoma.cat\/wp-content\/uploads\/2025\/07\/historia-01-1x-1365x1024.webp 1365w, https:\/\/cansaladeriesaldoma.cat\/wp-content\/uploads\/2025\/07\/historia-01-1x-600x450.webp 600w, https:\/\/cansaladeriesaldoma.cat\/wp-content\/uploads\/2025\/07\/historia-01-1x-768x576.webp 768w, https:\/\/cansaladeriesaldoma.cat\/wp-content\/uploads\/2025\/07\/historia-01-1x-50x38.webp 50w, https:\/\/cansaladeriesaldoma.cat\/wp-content\/uploads\/2025\/07\/historia-01-1x-1600x1200.webp 1600w, https:\/\/cansaladeriesaldoma.cat\/wp-content\/uploads\/2025\/07\/historia-01-1x-1536x1152.webp 1536w, https:\/\/cansaladeriesaldoma.cat\/wp-content\/uploads\/2025\/07\/historia-01-1x.webp 2000w\" sizes=\"auto, (max-width: 1365px) 100vw, 1365px\" \/><button\n\t\t\tclass=\"lightbox-trigger\"\n\t\t\ttype=\"button\"\n\t\t\taria-haspopup=\"dialog\"\n\t\t\taria-label=\"Agrandar\"\n\t\t\tdata-wp-init=\"callbacks.initTriggerButton\"\n\t\t\tdata-wp-on--click=\"actions.showLightbox\"\n\t\t\tdata-wp-style--right=\"state.imageButtonRight\"\n\t\t\tdata-wp-style--top=\"state.imageButtonTop\"\n\t\t>\n\t\t\t<svg xmlns=\"http:\/\/www.w3.org\/2000\/svg\" width=\"12\" height=\"12\" fill=\"none\" viewBox=\"0 0 12 12\">\n\t\t\t\t<path fill=\"#fff\" d=\"M2 0a2 2 0 0 0-2 2v2h1.5V2a.5.5 0 0 1 .5-.5h2V0H2Zm2 10.5H2a.5.5 0 0 1-.5-.5V8H0v2a2 2 0 0 0 2 2h2v-1.5ZM8 12v-1.5h2a.5.5 0 0 0 .5-.5V8H12v2a2 2 0 0 1-2 2H8Zm2-12a2 2 0 0 1 2 2v2h-1.5V2a.5.5 0 0 0-.5-.5H8V0h2Z\" \/>\n\t\t\t<\/svg>\n\t\t<\/button><\/figure>\n<\/div>\n\n\n\n<div class=\"wp-block-column is-vertically-aligned-center is-layout-flow wp-block-column-is-layout-flow\" style=\"flex-basis:66.66%\">\n<div class=\"wp-block-group has-global-padding is-content-justification-left is-layout-constrained wp-container-core-group-is-layout-7b80a102 wp-block-group-is-layout-constrained\">\n<p class=\"has-text-color-color has-text-color has-link-color has-small-font-size wp-elements-01807f9abc1e72e85a78c7fc19034615\" style=\"font-style:normal;font-weight:400\">Fue por los a\u00f1os 60 cuando un joven llamado Josep Maria Aldom\u00e0, hijo de una familia humilde de Sant Guim de Freixenet, y la hija peque\u00f1a de una familia pudiente del pueblo de la Tallada (Cal Felip), llamada Concepci\u00f3n Navarro, se enamoraron y unieron sus ilusiones y sus prop\u00f3sitos de futuro.<\/p>\n\n\n\n<p class=\"has-text-color-color has-text-color has-link-color has-small-font-size wp-elements-bdf8a39f2dc4fce1da32fcfb0e67375e\" style=\"font-style:normal;font-weight:400\">Josep Maria hab\u00eda aprendido el oficio de tocinero de la mano de su padre Emili, que trabajaba en una f\u00e1brica de embutidos del mismo municipio donde viv\u00edan. Por otra parte, la Concepci\u00f3n se march\u00f3 un tiempo a Barcelona para trabajar de dependienta y aprender a despachar y cortar como una buena profesional del sector.<\/p>\n<\/div>\n<\/div>\n<\/div>\n\n\n\n<div class=\"wp-block-columns has-gray-light-background-color has-background is-layout-flex wp-container-core-columns-is-layout-a5331a9e wp-block-columns-is-layout-flex\" style=\"padding-top:0;padding-right:0;padding-bottom:0;padding-left:0\">\n<div class=\"wp-block-column is-layout-flow wp-block-column-is-layout-flow\" style=\"flex-basis:33.33%\">\n<figure data-wp-context=\"{&quot;imageId&quot;:&quot;69e77d1c421b1&quot;}\" data-wp-interactive=\"core\/image\" data-wp-key=\"69e77d1c421b1\" class=\"wp-block-image aligncenter size-large imgCansalad wp-lightbox-container\" style=\"margin-top:var(--wp--preset--spacing--10);margin-bottom:var(--wp--preset--spacing--10)\"><img alt=\"\" loading=\"lazy\" decoding=\"async\" width=\"1365\" height=\"1024\" data-wp-class--hide=\"state.isContentHidden\" data-wp-class--show=\"state.isContentVisible\" data-wp-init=\"callbacks.setButtonStyles\" data-wp-on--click=\"actions.showLightbox\" data-wp-on--load=\"callbacks.setButtonStyles\" data-wp-on-window--resize=\"callbacks.setButtonStyles\" src=\"https:\/\/cansaladeriesaldoma.cat\/wp-content\/uploads\/2025\/07\/historia-02-1x-1365x1024.webp\" alt=\"\" class=\"wp-image-824\" srcset=\"https:\/\/cansaladeriesaldoma.cat\/wp-content\/uploads\/2025\/07\/historia-02-1x-1365x1024.webp 1365w, https:\/\/cansaladeriesaldoma.cat\/wp-content\/uploads\/2025\/07\/historia-02-1x-600x450.webp 600w, https:\/\/cansaladeriesaldoma.cat\/wp-content\/uploads\/2025\/07\/historia-02-1x-768x576.webp 768w, https:\/\/cansaladeriesaldoma.cat\/wp-content\/uploads\/2025\/07\/historia-02-1x-50x38.webp 50w, https:\/\/cansaladeriesaldoma.cat\/wp-content\/uploads\/2025\/07\/historia-02-1x-1600x1200.webp 1600w, https:\/\/cansaladeriesaldoma.cat\/wp-content\/uploads\/2025\/07\/historia-02-1x-1536x1152.webp 1536w, https:\/\/cansaladeriesaldoma.cat\/wp-content\/uploads\/2025\/07\/historia-02-1x.webp 2000w\" sizes=\"auto, (max-width: 1365px) 100vw, 1365px\" \/><button\n\t\t\tclass=\"lightbox-trigger\"\n\t\t\ttype=\"button\"\n\t\t\taria-haspopup=\"dialog\"\n\t\t\taria-label=\"Agrandar\"\n\t\t\tdata-wp-init=\"callbacks.initTriggerButton\"\n\t\t\tdata-wp-on--click=\"actions.showLightbox\"\n\t\t\tdata-wp-style--right=\"state.imageButtonRight\"\n\t\t\tdata-wp-style--top=\"state.imageButtonTop\"\n\t\t>\n\t\t\t<svg xmlns=\"http:\/\/www.w3.org\/2000\/svg\" width=\"12\" height=\"12\" fill=\"none\" viewBox=\"0 0 12 12\">\n\t\t\t\t<path fill=\"#fff\" d=\"M2 0a2 2 0 0 0-2 2v2h1.5V2a.5.5 0 0 1 .5-.5h2V0H2Zm2 10.5H2a.5.5 0 0 1-.5-.5V8H0v2a2 2 0 0 0 2 2h2v-1.5ZM8 12v-1.5h2a.5.5 0 0 0 .5-.5V8H12v2a2 2 0 0 1-2 2H8Zm2-12a2 2 0 0 1 2 2v2h-1.5V2a.5.5 0 0 0-.5-.5H8V0h2Z\" \/>\n\t\t\t<\/svg>\n\t\t<\/button><\/figure>\n<\/div>\n\n\n\n<div class=\"wp-block-column is-vertically-aligned-center is-layout-flow wp-block-column-is-layout-flow\" style=\"flex-basis:66.66%\">\n<div class=\"wp-block-group has-global-padding is-content-justification-left is-layout-constrained wp-container-core-group-is-layout-7b80a102 wp-block-group-is-layout-constrained\">\n<p class=\"has-text-color-color has-text-color has-link-color has-small-font-size wp-elements-4159c53593603cfbb7c8f0bf69ae78c2\" style=\"font-style:normal;font-weight:400\">Josep Maria y la Concepci\u00f3 recibieron sus primeras nupcias el 24 de septiembre de 1964, y al volver del viaje de boda y disfrutando de la ilusi\u00f3n de abrir su propio negocio, subieron por primera vez las persianas de la Cansaladeria Aldom\u00e0, una tienda en el barrio de la Sagrada Familia.<\/p>\n\n\n\n<p class=\"has-text-color-color has-text-color has-link-color has-small-font-size wp-elements-17f31ec0e07fc18608d72f05bfd5fc7c\" style=\"font-style:normal;font-weight:400\">La pasi\u00f3n por el oficio creci\u00f3 de inmediato por ambas bandas Josep Maria era muy trabajador y ten\u00eda mucha traza en la elaboraci\u00f3n artesanal de los mejores productos porcinos como el jam\u00f3n dulce natural, la butifarra negra, la butifarra cruda de pay\u00e9s o su famosa butifarra de huevo, y la Concepci\u00f3n ten\u00eda una gruesa y alegre y alegre detr\u00e1s del mostrador y asesorar a la clientela de una manera que no pasaba desapercibida, ten\u00eda un talento innato.<\/p>\n<\/div>\n<\/div>\n<\/div>\n\n\n\n<div class=\"wp-block-columns has-gray-light-background-color has-background is-layout-flex wp-container-core-columns-is-layout-a5331a9e wp-block-columns-is-layout-flex\" style=\"padding-top:0;padding-right:0;padding-bottom:0;padding-left:0\">\n<div class=\"wp-block-column is-layout-flow wp-block-column-is-layout-flow\" style=\"flex-basis:33.33%\">\n<figure data-wp-context=\"{&quot;imageId&quot;:&quot;69e77d1c42d1c&quot;}\" data-wp-interactive=\"core\/image\" data-wp-key=\"69e77d1c42d1c\" class=\"wp-block-image aligncenter size-large imgCansalad wp-lightbox-container\" style=\"margin-top:var(--wp--preset--spacing--10);margin-bottom:var(--wp--preset--spacing--10)\"><img alt=\"\" loading=\"lazy\" decoding=\"async\" width=\"1365\" height=\"1024\" data-wp-class--hide=\"state.isContentHidden\" data-wp-class--show=\"state.isContentVisible\" data-wp-init=\"callbacks.setButtonStyles\" data-wp-on--click=\"actions.showLightbox\" data-wp-on--load=\"callbacks.setButtonStyles\" data-wp-on-window--resize=\"callbacks.setButtonStyles\" src=\"https:\/\/cansaladeriesaldoma.cat\/wp-content\/uploads\/2025\/07\/historia-03-1x-1365x1024.webp\" alt=\"\" class=\"wp-image-826\" srcset=\"https:\/\/cansaladeriesaldoma.cat\/wp-content\/uploads\/2025\/07\/historia-03-1x-1365x1024.webp 1365w, https:\/\/cansaladeriesaldoma.cat\/wp-content\/uploads\/2025\/07\/historia-03-1x-600x450.webp 600w, https:\/\/cansaladeriesaldoma.cat\/wp-content\/uploads\/2025\/07\/historia-03-1x-768x576.webp 768w, https:\/\/cansaladeriesaldoma.cat\/wp-content\/uploads\/2025\/07\/historia-03-1x-50x38.webp 50w, https:\/\/cansaladeriesaldoma.cat\/wp-content\/uploads\/2025\/07\/historia-03-1x-1600x1200.webp 1600w, https:\/\/cansaladeriesaldoma.cat\/wp-content\/uploads\/2025\/07\/historia-03-1x-1536x1152.webp 1536w, https:\/\/cansaladeriesaldoma.cat\/wp-content\/uploads\/2025\/07\/historia-03-1x.webp 2000w\" sizes=\"auto, (max-width: 1365px) 100vw, 1365px\" \/><button\n\t\t\tclass=\"lightbox-trigger\"\n\t\t\ttype=\"button\"\n\t\t\taria-haspopup=\"dialog\"\n\t\t\taria-label=\"Agrandar\"\n\t\t\tdata-wp-init=\"callbacks.initTriggerButton\"\n\t\t\tdata-wp-on--click=\"actions.showLightbox\"\n\t\t\tdata-wp-style--right=\"state.imageButtonRight\"\n\t\t\tdata-wp-style--top=\"state.imageButtonTop\"\n\t\t>\n\t\t\t<svg xmlns=\"http:\/\/www.w3.org\/2000\/svg\" width=\"12\" height=\"12\" fill=\"none\" viewBox=\"0 0 12 12\">\n\t\t\t\t<path fill=\"#fff\" d=\"M2 0a2 2 0 0 0-2 2v2h1.5V2a.5.5 0 0 1 .5-.5h2V0H2Zm2 10.5H2a.5.5 0 0 1-.5-.5V8H0v2a2 2 0 0 0 2 2h2v-1.5ZM8 12v-1.5h2a.5.5 0 0 0 .5-.5V8H12v2a2 2 0 0 1-2 2H8Zm2-12a2 2 0 0 1 2 2v2h-1.5V2a.5.5 0 0 0-.5-.5H8V0h2Z\" \/>\n\t\t\t<\/svg>\n\t\t<\/button><\/figure>\n<\/div>\n\n\n\n<div class=\"wp-block-column is-vertically-aligned-center is-layout-flow wp-block-column-is-layout-flow\" style=\"flex-basis:66.66%\">\n<div class=\"wp-block-group has-global-padding is-content-justification-left is-layout-constrained wp-container-core-group-is-layout-7b80a102 wp-block-group-is-layout-constrained\">\n<p class=\"has-text-color-color has-text-color has-link-color has-small-font-size wp-elements-2e8bdda5bb5e72fd4012e3bc8dfa7396\" style=\"font-style:normal;font-weight:400\">El \u00e9xito no tard\u00f3 en llegar y, a\u00f1os m\u00e1s tarde, tomaron la decisi\u00f3n de abrir una nueva tienda en el Mercado de Hostafrancs; poco despu\u00e9s, una en el Carmel, otra en el Mercado de Sant Mart\u00ed y una tienda en la calle Ind\u00fastria, que m\u00e1s adelante se convertir\u00eda en el obrador artesano.Josep Maria entr\u00f3 en el Gremio de Cansaladers de Catalunya, donde pudo aportar sus conocimientos formando parte de la Junta.<\/p>\n\n\n\n<p class=\"has-text-color-color has-text-color has-link-color has-small-font-size wp-elements-75bdb8d387d0ae8f18a668782741d2e1\" style=\"font-style:normal;font-weight:400\">Maite, la hija mayor, y Josep Maria, el hijo peque\u00f1o, como era tradici\u00f3n, tambi\u00e9n se implicaron en el negocio familiar, aportando su dedicaci\u00f3n y amor al oficio. Ambos ayudaron en las tareas de atender a los clientes y en la elaboraci\u00f3n de productos artesanos de primera calidad.<\/p>\n<\/div>\n<\/div>\n<\/div>\n\n\n\n<div class=\"wp-block-columns has-gray-light-background-color has-background is-layout-flex wp-container-core-columns-is-layout-a5331a9e wp-block-columns-is-layout-flex\" style=\"padding-top:0;padding-right:0;padding-bottom:0;padding-left:0\">\n<div class=\"wp-block-column is-layout-flow wp-block-column-is-layout-flow\" style=\"flex-basis:33.33%\">\n<figure data-wp-context=\"{&quot;imageId&quot;:&quot;69e77d1c436e5&quot;}\" data-wp-interactive=\"core\/image\" data-wp-key=\"69e77d1c436e5\" class=\"wp-block-image aligncenter size-large imgCansalad wp-lightbox-container\" style=\"margin-top:var(--wp--preset--spacing--10);margin-bottom:var(--wp--preset--spacing--10)\"><img alt=\"\" loading=\"lazy\" decoding=\"async\" width=\"1365\" height=\"1024\" data-wp-class--hide=\"state.isContentHidden\" data-wp-class--show=\"state.isContentVisible\" data-wp-init=\"callbacks.setButtonStyles\" data-wp-on--click=\"actions.showLightbox\" data-wp-on--load=\"callbacks.setButtonStyles\" data-wp-on-window--resize=\"callbacks.setButtonStyles\" src=\"https:\/\/cansaladeriesaldoma.cat\/wp-content\/uploads\/2025\/07\/historia-04-1x-1365x1024.webp\" alt=\"\" class=\"wp-image-828\" srcset=\"https:\/\/cansaladeriesaldoma.cat\/wp-content\/uploads\/2025\/07\/historia-04-1x-1365x1024.webp 1365w, https:\/\/cansaladeriesaldoma.cat\/wp-content\/uploads\/2025\/07\/historia-04-1x-600x450.webp 600w, https:\/\/cansaladeriesaldoma.cat\/wp-content\/uploads\/2025\/07\/historia-04-1x-768x576.webp 768w, https:\/\/cansaladeriesaldoma.cat\/wp-content\/uploads\/2025\/07\/historia-04-1x-50x38.webp 50w, https:\/\/cansaladeriesaldoma.cat\/wp-content\/uploads\/2025\/07\/historia-04-1x-1600x1200.webp 1600w, https:\/\/cansaladeriesaldoma.cat\/wp-content\/uploads\/2025\/07\/historia-04-1x-1536x1152.webp 1536w, https:\/\/cansaladeriesaldoma.cat\/wp-content\/uploads\/2025\/07\/historia-04-1x.webp 2000w\" sizes=\"auto, (max-width: 1365px) 100vw, 1365px\" \/><button\n\t\t\tclass=\"lightbox-trigger\"\n\t\t\ttype=\"button\"\n\t\t\taria-haspopup=\"dialog\"\n\t\t\taria-label=\"Agrandar\"\n\t\t\tdata-wp-init=\"callbacks.initTriggerButton\"\n\t\t\tdata-wp-on--click=\"actions.showLightbox\"\n\t\t\tdata-wp-style--right=\"state.imageButtonRight\"\n\t\t\tdata-wp-style--top=\"state.imageButtonTop\"\n\t\t>\n\t\t\t<svg xmlns=\"http:\/\/www.w3.org\/2000\/svg\" width=\"12\" height=\"12\" fill=\"none\" viewBox=\"0 0 12 12\">\n\t\t\t\t<path fill=\"#fff\" d=\"M2 0a2 2 0 0 0-2 2v2h1.5V2a.5.5 0 0 1 .5-.5h2V0H2Zm2 10.5H2a.5.5 0 0 1-.5-.5V8H0v2a2 2 0 0 0 2 2h2v-1.5ZM8 12v-1.5h2a.5.5 0 0 0 .5-.5V8H12v2a2 2 0 0 1-2 2H8Zm2-12a2 2 0 0 1 2 2v2h-1.5V2a.5.5 0 0 0-.5-.5H8V0h2Z\" \/>\n\t\t\t<\/svg>\n\t\t<\/button><\/figure>\n<\/div>\n\n\n\n<div class=\"wp-block-column is-vertically-aligned-center is-layout-flow wp-block-column-is-layout-flow\" style=\"flex-basis:66.66%\">\n<div class=\"wp-block-group has-global-padding is-content-justification-left is-layout-constrained wp-container-core-group-is-layout-7b80a102 wp-block-group-is-layout-constrained\">\n<p class=\"has-text-color-color has-text-color has-link-color has-small-font-size wp-elements-5770ed606cc60a6c00b1d597a5e688f6\" style=\"font-style:normal;font-weight:400\">A principios de los 90, y con la jubilaci\u00f3n de Josep Maria y Concepci\u00f3, Tom\u00e0s, el medio de los tres hijos, que siempre hab\u00eda estado implicado en el negocio familiar, tom\u00f3 el relevo generacional, y con el empuje heredado de los padres, el gran trabajo y dedicaci\u00f3n, consigui\u00f3 emprender en un segundo negocio. Por un lado unific\u00f3 todos los establecimientos en un \u00fanico punto de venta, ampliando la parada en el Mercado de Hostafrancs y abriendo un nuevo obrador equipado con maquinaria de \u00faltima tecnolog\u00eda pero manteniendo as\u00ed viva la tradici\u00f3n familiar y siguiendo las recetas caseras, con la calidad de aquellos productos que sus padres hab\u00edan iniciado. Por otra parte, emprendi\u00f3 abriendo una f\u00e1brica de productos de quinta gama del mismo \u00e1mbito pero de venta al por mayor.<\/p>\n<\/div>\n<\/div>\n<\/div>\n\n\n\n<div class=\"wp-block-columns has-gray-light-background-color has-background is-layout-flex wp-container-core-columns-is-layout-a5331a9e wp-block-columns-is-layout-flex\" style=\"padding-top:0;padding-right:0;padding-bottom:0;padding-left:0\">\n<div class=\"wp-block-column is-layout-flow wp-block-column-is-layout-flow\" style=\"flex-basis:33.33%\">\n<figure data-wp-context=\"{&quot;imageId&quot;:&quot;69e77d1c440b3&quot;}\" data-wp-interactive=\"core\/image\" data-wp-key=\"69e77d1c440b3\" class=\"wp-block-image aligncenter size-large imgCansalad wp-lightbox-container\" style=\"margin-top:var(--wp--preset--spacing--10);margin-bottom:var(--wp--preset--spacing--10)\"><img alt=\"\" loading=\"lazy\" decoding=\"async\" width=\"1820\" height=\"1024\" data-wp-class--hide=\"state.isContentHidden\" data-wp-class--show=\"state.isContentVisible\" data-wp-init=\"callbacks.setButtonStyles\" data-wp-on--click=\"actions.showLightbox\" data-wp-on--load=\"callbacks.setButtonStyles\" data-wp-on-window--resize=\"callbacks.setButtonStyles\" src=\"https:\/\/cansaladeriesaldoma.cat\/wp-content\/uploads\/2025\/07\/historia-05-1x-1820x1024.webp\" alt=\"\" class=\"wp-image-830\" style=\"aspect-ratio:4\/3;object-fit:cover\" srcset=\"https:\/\/cansaladeriesaldoma.cat\/wp-content\/uploads\/2025\/07\/historia-05-1x-1820x1024.webp 1820w, https:\/\/cansaladeriesaldoma.cat\/wp-content\/uploads\/2025\/07\/historia-05-1x-600x338.webp 600w, https:\/\/cansaladeriesaldoma.cat\/wp-content\/uploads\/2025\/07\/historia-05-1x-768x432.webp 768w, https:\/\/cansaladeriesaldoma.cat\/wp-content\/uploads\/2025\/07\/historia-05-1x-50x28.webp 50w, https:\/\/cansaladeriesaldoma.cat\/wp-content\/uploads\/2025\/07\/historia-05-1x-1600x900.webp 1600w\" sizes=\"auto, (max-width: 1820px) 100vw, 1820px\" \/><button\n\t\t\tclass=\"lightbox-trigger\"\n\t\t\ttype=\"button\"\n\t\t\taria-haspopup=\"dialog\"\n\t\t\taria-label=\"Agrandar\"\n\t\t\tdata-wp-init=\"callbacks.initTriggerButton\"\n\t\t\tdata-wp-on--click=\"actions.showLightbox\"\n\t\t\tdata-wp-style--right=\"state.imageButtonRight\"\n\t\t\tdata-wp-style--top=\"state.imageButtonTop\"\n\t\t>\n\t\t\t<svg xmlns=\"http:\/\/www.w3.org\/2000\/svg\" width=\"12\" height=\"12\" fill=\"none\" viewBox=\"0 0 12 12\">\n\t\t\t\t<path fill=\"#fff\" d=\"M2 0a2 2 0 0 0-2 2v2h1.5V2a.5.5 0 0 1 .5-.5h2V0H2Zm2 10.5H2a.5.5 0 0 1-.5-.5V8H0v2a2 2 0 0 0 2 2h2v-1.5ZM8 12v-1.5h2a.5.5 0 0 0 .5-.5V8H12v2a2 2 0 0 1-2 2H8Zm2-12a2 2 0 0 1 2 2v2h-1.5V2a.5.5 0 0 0-.5-.5H8V0h2Z\" \/>\n\t\t\t<\/svg>\n\t\t<\/button><\/figure>\n<\/div>\n\n\n\n<div class=\"wp-block-column is-vertically-aligned-center is-layout-flow wp-block-column-is-layout-flow\" style=\"flex-basis:66.66%\">\n<div class=\"wp-block-group has-global-padding is-content-justification-left is-layout-constrained wp-container-core-group-is-layout-7b80a102 wp-block-group-is-layout-constrained\">\n<p class=\"has-text-color-color has-text-color has-link-color has-small-font-size wp-elements-69ad87313eb2c80cd091ab9aab2477f5\" style=\"font-style:normal;font-weight:400\">Actualmente, la familia Aldom\u00e0 sigue manteniendo vivo el esp\u00edritu de las generaciones de las charcuter\u00edas, ofreciendo a los clientes productos tradicionales, elaborados con la misma pasi\u00f3n y calidad que impulsaron sus padres, ya que a d\u00eda de hoy todav\u00eda se elabora con el recetario de los a\u00f1os 60 del abuelo Josep Maria, conservando el calor de las recetas bien elaboradas, sin limpios, Tom\u00e0s i Pol, la nueva y joven tercera generaci\u00f3n de tocineros Aldom\u00e0.<br>Queremos llevarle a la mesa el sabor, el olor y la textura del abuelo artesano, con las recetas de antes, de ahora y de siempre, donde no se enmascara la calidad del producto ni se a\u00f1aden colorantes, para que disfruten de los mejores y sanos productos, como los que com\u00edan nuestros abuelos.<\/p>\n<\/div>\n<\/div>\n<\/div>\n<\/div>\n<\/div>\n","protected":false},"excerpt":{"rendered":"<p>Historia Cansaladeries Aldom\u00e0 Desde 1964, en Cansaladeries Aldom\u00e0 elaboramos nuestros productos artesanalmente de forma tradicional, seleccionando las mejores materias primas para garantizar productos \u00fanicos y llenos de sabor. Fue por los a\u00f1os 60 cuando un joven llamado Josep Maria Aldom\u00e0, hijo de una familia humilde de Sant Guim de Freixenet, y la hija peque\u00f1a de [&hellip;]<\/p>\n","protected":false},"author":1,"featured_media":0,"parent":0,"menu_order":0,"comment_status":"closed","ping_status":"closed","template":"","meta":{"_seopress_robots_primary_cat":"","_seopress_titles_title":"","_seopress_titles_desc":"","_seopress_robots_index":"","_eb_attr":"","inline_featured_image":false,"footnotes":""},"class_list":["post-854","page","type-page","status-publish","hentry"],"_links":{"self":[{"href":"https:\/\/cansaladeriesaldoma.cat\/es\/wp-json\/wp\/v2\/pages\/854","targetHints":{"allow":["GET"]}}],"collection":[{"href":"https:\/\/cansaladeriesaldoma.cat\/es\/wp-json\/wp\/v2\/pages"}],"about":[{"href":"https:\/\/cansaladeriesaldoma.cat\/es\/wp-json\/wp\/v2\/types\/page"}],"author":[{"embeddable":true,"href":"https:\/\/cansaladeriesaldoma.cat\/es\/wp-json\/wp\/v2\/users\/1"}],"replies":[{"embeddable":true,"href":"https:\/\/cansaladeriesaldoma.cat\/es\/wp-json\/wp\/v2\/comments?post=854"}],"version-history":[{"count":0,"href":"https:\/\/cansaladeriesaldoma.cat\/es\/wp-json\/wp\/v2\/pages\/854\/revisions"}],"wp:attachment":[{"href":"https:\/\/cansaladeriesaldoma.cat\/es\/wp-json\/wp\/v2\/media?parent=854"}],"curies":[{"name":"wp","href":"https:\/\/api.w.org\/{rel}","templated":true}]}}