{"id":866,"date":"2025-07-03T19:23:53","date_gmt":"2025-07-03T17:23:53","guid":{"rendered":"https:\/\/cansaladeriesaldoma.cat\/productes\/"},"modified":"2025-09-18T10:17:42","modified_gmt":"2025-09-18T08:17:42","slug":"productes","status":"publish","type":"page","link":"https:\/\/cansaladeriesaldoma.cat\/es\/productes\/","title":{"rendered":"Productos"},"content":{"rendered":"\n<div class=\"wp-block-group alignfull is-style-page-wrapper is-layout-flow wp-block-group-is-layout-flow\">\n<figure class=\"wp-block-image alignfull size-full\"><img alt=\"\" loading=\"lazy\" decoding=\"async\" width=\"1920\" height=\"394\" src=\"https:\/\/cansaladeriesaldoma.cat\/wp-content\/uploads\/2025\/07\/lineal_hostafrancs-109-1.jpg\" alt=\"\" class=\"wp-image-680\" srcset=\"https:\/\/cansaladeriesaldoma.cat\/wp-content\/uploads\/2025\/07\/lineal_hostafrancs-109-1.jpg 1920w, https:\/\/cansaladeriesaldoma.cat\/wp-content\/uploads\/2025\/07\/lineal_hostafrancs-109-1-300x62.jpg 300w, https:\/\/cansaladeriesaldoma.cat\/wp-content\/uploads\/2025\/07\/lineal_hostafrancs-109-1-1024x210.jpg 1024w, https:\/\/cansaladeriesaldoma.cat\/wp-content\/uploads\/2025\/07\/lineal_hostafrancs-109-1-768x158.jpg 768w, https:\/\/cansaladeriesaldoma.cat\/wp-content\/uploads\/2025\/07\/lineal_hostafrancs-109-1-1536x315.jpg 1536w\" sizes=\"auto, (max-width: 1920px) 100vw, 1920px\" \/><\/figure>\n<\/div>\n\n\n\n<header class=\"wp-block-group alignwide header-pattern is-layout-flow wp-block-group-is-layout-flow\">\n<div class=\"wp-block-group breadcrumb_productes is-layout-flow wp-block-group-is-layout-flow\"><nav class=\"breadcrumb\" itemprop=\"breadcrumb\">\n\t<ul>\n\t\t<li class=\"breadcrumb__home\">\n\t\t\t<a href=\"https:\/\/cansaladeriesaldoma.cat\/es\/\">\n\t\t\t\t\t\t\t\t<span class=\"home-text\">Inicio<\/span>\n\t\t\t<\/a>\n\t\t<\/li>\n\t\t\n\t\t\t\t\n\t\t\t\t\n\t<\/ul>\n<\/nav>\n<\/div>\n<\/header>\n\n\n\n<div class=\"wp-block-group alignwide has-global-padding is-content-justification-left is-layout-constrained wp-container-core-group-is-layout-5a958972 wp-block-group-is-layout-constrained\" style=\"margin-bottom:var(--wp--preset--spacing--40)\"><h1 style=\"font-style:normal;font-weight:400;\" class=\"has-text-align-left has-link-color header-pattern__title wp-elements-88482b4bc91ce8385dc72234e630d7ac wp-elements-4ec1fc4b2685979d265eb256ef460090 wp-block-post-title has-text-color has-text-color-color\">Productos<\/h1>\n\n\n<p class=\"has-text-align-left header-pattern__text has-medium-font-size\" style=\"margin-top:var(--wp--preset--spacing--30);margin-bottom:var(--wp--preset--spacing--30);font-style:normal;font-weight:400\">Descubre en Cansaladeria Aldom\u00e0 lo mejor de la tradici\u00f3n carnicera: desde nuestros embutidos artesanos hasta las piezas m\u00e1s selectas de carne fresca. Toda la calidad y sabor de una tienda con historia, ahora a un clic de distancia.<\/p>\n<\/div>\n\n\n\n<div class=\"wp-block-group alignwide is-layout-flow wp-container-core-group-is-layout-19eabfb7 wp-block-group-is-layout-flow\">\n<div class=\"wp-block-columns productes is-layout-flex wp-container-core-columns-is-layout-28232c24 wp-block-columns-is-layout-flex\">\n<div class=\"wp-block-column productes__col-image is-layout-flow wp-block-column-is-layout-flow\" style=\"flex-basis:30%\">\n<figure class=\"wp-block-image size-full\"><img alt=\"\" loading=\"lazy\" decoding=\"async\" width=\"416\" height=\"418\" src=\"https:\/\/cansaladeriesaldoma.cat\/wp-content\/uploads\/2025\/07\/lineal_hostafrancs-128-1.jpg\" alt=\"\" class=\"wp-image-656\" srcset=\"https:\/\/cansaladeriesaldoma.cat\/wp-content\/uploads\/2025\/07\/lineal_hostafrancs-128-1.jpg 416w, https:\/\/cansaladeriesaldoma.cat\/wp-content\/uploads\/2025\/07\/lineal_hostafrancs-128-1-300x300.jpg 300w, https:\/\/cansaladeriesaldoma.cat\/wp-content\/uploads\/2025\/07\/lineal_hostafrancs-128-1-150x150.jpg 150w\" sizes=\"auto, (max-width: 416px) 100vw, 416px\" \/><\/figure>\n<\/div>\n\n\n\n<div class=\"wp-block-column is-vertically-aligned-top productes__col-llistat has-primary-light-background-color has-background is-layout-flow wp-block-column-is-layout-flow\" style=\"padding-top:var(--wp--preset--spacing--30);padding-right:var(--wp--preset--spacing--30);padding-bottom:var(--wp--preset--spacing--30);padding-left:var(--wp--preset--spacing--30);flex-basis:70%\">\n<h2 class=\"wp-block-heading\">FRESCOS<\/h2>\n\n\n\n<div class=\"wp-block-group has-global-padding is-layout-constrained wp-block-group-is-layout-constrained\">\n<div class=\"wp-block-group is-layout-grid wp-container-core-group-is-layout-32711612 wp-block-group-is-layout-grid\"><div class=\"wp-block-list\">\n<ul class=\"wp-block-list wp-container-content-f16811eb\">\n<li>Careta<\/li>\n\n\n\n<li>Carne de cuello<\/li>\n\n\n\n<li>Carne de muslo<\/li>\n\n\n\n<li>Cerebros<\/li>\n\n\n\n<li>Codillos<\/li>\n\n\n\n<li>Coraz\u00f3n<\/li>\n\n\n\n<li>Costilla<\/li>\n\n\n\n<li>Crudo especial<\/li>\n<\/ul>\n<\/div>\n\n<div class=\"wp-block-list\">\n<ul class=\"wp-block-list wp-container-content-f16811eb\">\n<li>Crudo normal<\/li>\n\n\n\n<li>Colas<\/li>\n\n\n\n<li>Hombro de cerdo<\/li>\n\n\n\n<li>H\u00edgado de cerdo<\/li>\n\n\n\n<li>Mejillas<\/li>\n\n\n\n<li>Lechones<\/li>\n\n\n\n<li>Lenguas<\/li>\n\n\n\n<li>Lomo<\/li>\n<\/ul>\n<\/div>\n\n<div class=\"wp-block-list\">\n<ul class=\"wp-block-list wp-container-content-f16811eb\">\n<li>Lomo dos colores<\/li>\n\n\n\n<li>Lomo ib\u00e9rico<\/li>\n\n\n\n<li>Costillas<\/li>\n\n\n\n<li>Costillas de cuello<\/li>\n\n\n\n<li>Morritos<\/li>\n\n\n\n<li>Oreja fresca<\/li>\n\n\n\n<li>Hueso espinazo<\/li>\n\n\n\n<li>Panceta fresca<\/li>\n<\/ul>\n<\/div>\n\n<div class=\"wp-block-list\">\n<ul class=\"wp-block-list wp-container-content-f16811eb\">\n<li>Manitas frescas<\/li>\n\n\n\n<li>Preparado caldo<\/li>\n\n\n\n<li>Solomillo<\/li>\n\n\n\n<li>Redondo relleno<\/li>\n\n\n\n<li>Ri\u00f1ones<\/li>\n\n\n\n<li>Secreto<\/li>\n\n\n\n<li>Tripa<\/li>\n\n\n\n<li>Papada fresca<\/li>\n<\/ul>\n<\/div><\/div>\n<\/div>\n<\/div>\n<\/div>\n\n\n\n<div class=\"wp-block-columns productes is-layout-flex wp-container-core-columns-is-layout-28232c24 wp-block-columns-is-layout-flex\">\n<div class=\"wp-block-column productes__col-image is-layout-flow wp-block-column-is-layout-flow\" style=\"flex-basis:30%\">\n<figure class=\"wp-block-image size-full\"><img alt=\"\" loading=\"lazy\" decoding=\"async\" width=\"416\" height=\"550\" src=\"https:\/\/cansaladeriesaldoma.cat\/wp-content\/uploads\/2025\/07\/lineal_hostafrancs-128-2.jpg\" alt=\"\" class=\"wp-image-665\" srcset=\"https:\/\/cansaladeriesaldoma.cat\/wp-content\/uploads\/2025\/07\/lineal_hostafrancs-128-2.jpg 416w, https:\/\/cansaladeriesaldoma.cat\/wp-content\/uploads\/2025\/07\/lineal_hostafrancs-128-2-227x300.jpg 227w\" sizes=\"auto, (max-width: 416px) 100vw, 416px\" \/><\/figure>\n<\/div>\n\n\n\n<div class=\"wp-block-column is-vertically-aligned-top productes__col-llistat has-primary-light-background-color has-background is-layout-flow wp-block-column-is-layout-flow\" style=\"padding-top:var(--wp--preset--spacing--30);padding-right:var(--wp--preset--spacing--30);padding-bottom:var(--wp--preset--spacing--30);padding-left:var(--wp--preset--spacing--30);flex-basis:70%\">\n<h2 class=\"wp-block-heading\">QUESOS<\/h2>\n\n\n\n<div class=\"wp-block-group has-global-padding is-layout-constrained wp-block-group-is-layout-constrained\">\n<div class=\"wp-block-group is-layout-grid wp-container-core-group-is-layout-29b3cd7c wp-block-group-is-layout-grid\"><div class=\"wp-block-list\">\n<ul class=\"wp-block-list wp-container-content-f02c019b\">\n<li>Ahuyentalobos<\/li>\n\n\n\n<li>Bavaria blu<\/li>\n\n\n\n<li>Brie<\/li>\n\n\n\n<li>Cabra al romero<\/li>\n\n\n\n<li>Cabra feliz<\/li>\n\n\n\n<li>Cerrato Curado<\/li>\n\n\n\n<li>Cheddar<\/li>\n\n\n\n<li>Membrillo<\/li>\n\n\n\n<li>Delicias de cabra<\/li>\n\n\n\n<li>Flor de Esgueva<\/li>\n\n\n\n<li>Queso Azul<\/li>\n\n\n\n<li>Queso Cabra<\/li>\n\n\n\n<li>Queso de barra<\/li>\n<\/ul>\n<\/div>\n\n<div class=\"wp-block-list\">\n<ul class=\"wp-block-list wp-container-content-f02c019b\">\n<li>Queso Light<\/li>\n\n\n\n<li>Queso rallado<\/li>\n\n\n\n<li>Fresco Burgos<\/li>\n\n\n\n<li>Fresco Cabra<\/li>\n\n\n\n<li>Garc\u00eda Baquero<\/li>\n\n\n\n<li>Garrotxa cabra<\/li>\n\n\n\n<li>Gorgonzola Italiano<\/li>\n\n\n\n<li>Gouda Curado<\/li>\n\n\n\n<li>Gruyere Suizo<\/li>\n\n\n\n<li>Havarti<\/li>\n\n\n\n<li>Idiazabal<\/li>\n\n\n\n<li>Le Roul\u00e9<\/li>\n\n\n\n<li>Mah\u00f3n<\/li>\n<\/ul>\n<\/div>\n\n<div class=\"wp-block-list\">\n<ul class=\"wp-block-list wp-container-content-f02c019b\">\n<li>Manchego seco D.O.<\/li>\n\n\n\n<li>Maasdam Emmental<\/li>\n\n\n\n<li>Maasdam light<\/li>\n\n\n\n<li>Mozzarella<\/li>\n\n\n\n<li>Oferta semi<\/li>\n\n\n\n<li>Oveja con trufa<\/li>\n\n\n\n<li>Oveja Semi<\/li>\n\n\n\n<li>Parmigiano Reggiano<\/li>\n\n\n\n<li>Pastel de queso<\/li>\n\n\n\n<li>Provolone Italiano<\/li>\n\n\n\n<li>Rallado Emmental<\/li>\n<\/ul>\n<\/div>\n\n<div class=\"wp-block-list\">\n<ul class=\"wp-block-list wp-container-content-f02c019b\">\n<li>Rocafort<\/li>\n\n\n\n<li>Rulo Cabra<\/li>\n\n\n\n<li>Sabanitas<\/li>\n\n\n\n<li>Sin gluten ni lactosa<\/li>\n\n\n\n<li>Servilleta<\/li>\n\n\n\n<li>Sombrero de copa<\/li>\n\n\n\n<li>Tarrina Burgos<\/li>\n\n\n\n<li>T\u00eate de Moine<\/li>\n\n\n\n<li>Tetilla Gallega<\/li>\n\n\n\n<li>Tronch\u00f3n<\/li>\n<\/ul>\n<\/div><\/div>\n<\/div>\n<\/div>\n<\/div>\n\n\n\n<div class=\"wp-block-columns productes is-layout-flex wp-container-core-columns-is-layout-28232c24 wp-block-columns-is-layout-flex\">\n<div class=\"wp-block-column productes__col-image is-layout-flow wp-block-column-is-layout-flow\" style=\"flex-basis:30%\">\n<figure class=\"wp-block-image size-full\"><img alt=\"\" decoding=\"async\" src=\"https:\/\/cansaladeriesaldoma.cat\/wp-content\/uploads\/2025\/09\/pernils-e1758183411231.jpg\" alt=\"\" class=\"wp-image-897\"\/><\/figure>\n<\/div>\n\n\n\n<div class=\"wp-block-column is-vertically-aligned-top productes__col-llistat has-primary-light-background-color has-background is-layout-flow wp-block-column-is-layout-flow\" style=\"padding-top:var(--wp--preset--spacing--30);padding-right:var(--wp--preset--spacing--30);padding-bottom:var(--wp--preset--spacing--30);padding-left:var(--wp--preset--spacing--30);flex-basis:70%\">\n<h2 class=\"wp-block-heading\">JAMONES<\/h2>\n\n\n\n<div class=\"wp-block-group has-global-padding is-layout-constrained wp-block-group-is-layout-constrained\">\n<div class=\"wp-block-group is-layout-grid wp-container-core-group-is-layout-975cfec1 wp-block-group-is-layout-grid\"><div class=\"wp-block-list\">\n<ul class=\"wp-block-list wp-container-content-96c11c6d\">\n<li>Centro muslo ib\u00e9rico<\/li>\n\n\n\n<li>Hombro de bellota<\/li>\n\n\n\n<li>Hombro de bellota m\u00e1quina<\/li>\n\n\n\n<li>Hueso de jam\u00f3n<\/li>\n\n\n\n<li>Jam\u00f3n de bodega<\/li>\n\n\n\n<li>Jam\u00f3n ib\u00e9rico<\/li>\n\n\n\n<li>Jam\u00f3n Pa\u00eds<\/li>\n\n\n\n<li>Recorte de bellota<\/li>\n\n\n\n<li>Sobres de jam\u00f3n de bellota<\/li>\n<\/ul>\n<\/div>\n\n<div class=\"wp-block-list\">\n<ul class=\"wp-block-list wp-container-content-96c11c6d\">\n<li>Sobres de jam\u00f3n ib\u00e9rico<\/li>\n\n\n\n<li>Sobres de jam\u00f3n serrano<\/li>\n\n\n\n<li>Sobres de viruta<\/li>\n\n\n\n<li>Taco de jam\u00f3n 1\u202fkg<\/li>\n\n\n\n<li>Tacos de jam\u00f3n<\/li>\n\n\n\n<li>Taquitos de bellota<\/li>\n<\/ul>\n<\/div><\/div>\n<\/div>\n<\/div>\n<\/div>\n\n\n\n<div class=\"wp-block-columns productes is-layout-flex wp-container-core-columns-is-layout-28232c24 wp-block-columns-is-layout-flex\">\n<div class=\"wp-block-column productes__col-image is-layout-flow wp-block-column-is-layout-flow\" style=\"flex-basis:30%\">\n<figure class=\"wp-block-image size-full\"><img alt=\"\" loading=\"lazy\" decoding=\"async\" width=\"416\" height=\"703\" src=\"https:\/\/cansaladeriesaldoma.cat\/wp-content\/uploads\/2025\/07\/lineal_hostafrancs-128-4.jpg\" alt=\"\" class=\"wp-image-678\" srcset=\"https:\/\/cansaladeriesaldoma.cat\/wp-content\/uploads\/2025\/07\/lineal_hostafrancs-128-4.jpg 416w, https:\/\/cansaladeriesaldoma.cat\/wp-content\/uploads\/2025\/07\/lineal_hostafrancs-128-4-178x300.jpg 178w\" sizes=\"auto, (max-width: 416px) 100vw, 416px\" \/><\/figure>\n<\/div>\n\n\n\n<div class=\"wp-block-column is-vertically-aligned-top productes__col-llistat has-primary-light-background-color has-background is-layout-flow wp-block-column-is-layout-flow\" style=\"padding-top:var(--wp--preset--spacing--30);padding-right:var(--wp--preset--spacing--30);padding-bottom:var(--wp--preset--spacing--30);padding-left:var(--wp--preset--spacing--30);flex-basis:70%\">\n<h2 class=\"wp-block-heading\">CURADOS<\/h2>\n\n\n\n<div class=\"wp-block-group has-global-padding is-layout-constrained wp-block-group-is-layout-constrained\">\n<div class=\"wp-block-group is-layout-grid wp-container-core-group-is-layout-32711612 wp-block-group-is-layout-grid\"><div class=\"wp-block-list\">\n<ul class=\"wp-block-list wp-container-content-f16811eb\">\n<li>Bacon curado<\/li>\n\n\n\n<li>Bacon ahumado<\/li>\n\n\n\n<li>Morcilla de arroz<\/li>\n\n\n\n<li>Morcilla de cebolla<\/li>\n\n\n\n<li>Morcilla de pi\u00f1ones<\/li>\n\n\n\n<li>Bradsburg<\/li>\n\n\n\n<li>Canelones<\/li>\n\n\n\n<li>C\u00f3ctel<\/li>\n\n\n\n<li>Codillo cocido<\/li>\n\n\n\n<li>Torreznos para fre\u00edr<\/li>\n\n\n\n<li>Costilla abonada<\/li>\n\n\n\n<li>Muslo de pavo<\/li>\n\n\n\n<li>D\u00e1tiles con bacon<\/li>\n\n\n\n<li>Espetec de Vic<\/li>\n\n\n\n<li>Foie gras Piquet<\/li>\n\n\n\n<li>Frankfurt<\/li>\n\n\n\n<li>Fuet Ausa<\/li>\n<\/ul>\n<\/div>\n\n<div class=\"wp-block-list\">\n<ul class=\"wp-block-list wp-container-content-f16811eb\">\n<li>Fuet caseto oferta<\/li>\n\n\n\n<li>Llaminets<\/li>\n\n\n\n<li>Manteca<\/li>\n\n\n\n<li>Chicharrones<\/li>\n\n\n\n<li>Lata Piquet<\/li>\n\n\n\n<li>Lomo adobado<\/li>\n\n\n\n<li>Lomo ib\u00e9rico de bellota<\/li>\n\n\n\n<li>Lomo serrano<\/li>\n\n\n\n<li>Longaniza<\/li>\n\n\n\n<li>Longaniza de Caldes<\/li>\n\n\n\n<li>Longaniza de Pages<\/li>\n\n\n\n<li>Magret de pato<\/li>\n\n\n\n<li>Morcillas asturianas<\/li>\n\n\n\n<li>Morro frito<\/li>\n\n\n\n<li>Mortadela casera<\/li>\n\n\n\n<li>Mortadela de olivas<\/li>\n\n\n\n<li>Mortadela italiana<\/li>\n<\/ul>\n<\/div>\n\n<div class=\"wp-block-list\">\n<ul class=\"wp-block-list wp-container-content-f16811eb\">\n<li>Mortadela Milanesa<\/li>\n\n\n\n<li>Huesos blancos<\/li>\n\n\n\n<li>Huesos salados<\/li>\n\n\n\n<li>Pan de h\u00edgado<\/li>\n\n\n\n<li>Panceta de Soria<\/li>\n\n\n\n<li>Pat\u00e9 de pato<\/li>\n\n\n\n<li>Pat\u00e9 de campa\u00f1a<\/li>\n\n\n\n<li>Pat\u00e9 de finas hiervas<\/li>\n\n\n\n<li>Pat\u00e9 de pimienta<\/li>\n\n\n\n<li>Pat\u00e9 de pera<\/li>\n\n\n\n<li>Pat\u00e9 de manzana<\/li>\n\n\n\n<li>Pat\u00e9 de champi\u00f1ones<\/li>\n\n\n\n<li>Picadito<\/li>\n\n\n\n<li>Pechuga de pavo<\/li>\n\n\n\n<li>Pechuga de pavo natural<\/li>\n\n\n\n<li>Manteca rancia<\/li>\n\n\n\n<li>Salami<\/li>\n<\/ul>\n<\/div>\n\n<div class=\"wp-block-list\">\n<ul class=\"wp-block-list wp-container-content-f16811eb\">\n<li>Secallona<\/li>\n\n\n\n<li>Sobrasada de Mallorca<\/li>\n\n\n\n<li>Sobrasada Son Dalabau<\/li>\n\n\n\n<li>Tocino ib\u00e9rico<\/li>\n\n\n\n<li>Torreznos<\/li>\n\n\n\n<li>Chorizo cular ib\u00e9rico<\/li>\n\n\n\n<li>Chorizo de Guijuelo dulce<\/li>\n\n\n\n<li>Chorizo de Guijuelo picante<\/li>\n\n\n\n<li>Chorizo de lomo<\/li>\n\n\n\n<li>Chorizo gallego<\/li>\n\n\n\n<li>Chorizo ib\u00e9rico de bellota<\/li>\n\n\n\n<li>Chorizo La Hoguera<\/li>\n\n\n\n<li>Chorizo Pamplonica<\/li>\n<\/ul>\n<\/div><\/div>\n<\/div>\n<\/div>\n<\/div>\n\n\n\n<div class=\"wp-block-columns productes is-layout-flex wp-container-core-columns-is-layout-28232c24 wp-block-columns-is-layout-flex\">\n<div class=\"wp-block-column productes__col-image is-layout-flow wp-block-column-is-layout-flow\" style=\"flex-basis:30%\">\n<figure class=\"wp-block-image size-full\"><img alt=\"\" loading=\"lazy\" decoding=\"async\" width=\"416\" height=\"493\" src=\"https:\/\/cansaladeriesaldoma.cat\/wp-content\/uploads\/2025\/07\/lineal_hostafrancs-128-5.jpg\" alt=\"\" class=\"wp-image-688\" srcset=\"https:\/\/cansaladeriesaldoma.cat\/wp-content\/uploads\/2025\/07\/lineal_hostafrancs-128-5.jpg 416w, https:\/\/cansaladeriesaldoma.cat\/wp-content\/uploads\/2025\/07\/lineal_hostafrancs-128-5-253x300.jpg 253w\" sizes=\"auto, (max-width: 416px) 100vw, 416px\" \/><\/figure>\n<\/div>\n\n\n\n<div class=\"wp-block-column is-vertically-aligned-top productes__col-llistat has-primary-light-background-color has-background is-layout-flow wp-block-column-is-layout-flow\" style=\"padding-top:var(--wp--preset--spacing--30);padding-right:var(--wp--preset--spacing--30);padding-bottom:var(--wp--preset--spacing--30);padding-left:var(--wp--preset--spacing--30);flex-basis:70%\">\n<h2 class=\"wp-block-heading\">NUESTROS ELABORADOS<\/h2>\n\n\n\n<div class=\"wp-block-group has-global-padding is-layout-constrained wp-block-group-is-layout-constrained\">\n<div class=\"wp-block-group is-layout-grid wp-container-core-group-is-layout-32711612 wp-block-group-is-layout-grid\"><div class=\"wp-block-list\">\n<ul class=\"wp-block-list wp-container-content-f16811eb\">\n<li>Bisbe blanco y negro<\/li>\n\n\n\n<li>Bisbe del Pirineo<\/li>\n\n\n\n<li>Bisbe negro<\/li>\n\n\n\n<li>Botifarra de cebolla<\/li>\n\n\n\n<li>Bull blanco<\/li>\n\n\n\n<li>Bull negro<\/li>\n\n\n\n<li>Butifarra blanca<\/li>\n\n\n\n<li>Butifarra de huevo<\/li>\n\n\n\n<li>Butifarra negra<\/li>\n\n\n\n<li>Tocino<\/li>\n\n\n\n<li>Cabeza de jabal\u00ed<\/li>\n<\/ul>\n<\/div>\n\n<div class=\"wp-block-list\">\n<ul class=\"wp-block-list wp-container-content-f16811eb\">\n<li>Carne adobada<\/li>\n\n\n\n<li>Carne enharinada<\/li>\n\n\n\n<li>Carne picada mixta<\/li>\n\n\n\n<li>Carne picada de cerdo<\/li>\n\n\n\n<li>Carpaccio de manitas de cerdo<\/li>\n\n\n\n<li>Catalana<\/li>\n\n\n\n<li>Costilla salada<\/li>\n\n\n\n<li>Croquetas de setas<\/li>\n\n\n\n<li>Croquetas de jam\u00f3n<\/li>\n\n\n\n<li>Hamburguesas especiales<\/li>\n<\/ul>\n<\/div>\n\n<div class=\"wp-block-list\">\n<ul class=\"wp-block-list wp-container-content-f16811eb\">\n<li>Hamburgueses rellenas<\/li>\n\n\n\n<li>Lac\u00f3n cocido<\/li>\n\n\n\n<li>Lac\u00f3n gallego<\/li>\n\n\n\n<li>Libritos de lomo<\/li>\n\n\n\n<li>Libritos de roquefort<\/li>\n\n\n\n<li>Alb\u00f3ndigas<\/li>\n\n\n\n<li>Mini alb\u00f3ndigas<\/li>\n\n\n\n<li>Oreja y morro cocido<\/li>\n\n\n\n<li>Jam\u00f3n bajo de sal<\/li>\n\n\n\n<li>Jam\u00f3n dulce<\/li>\n<\/ul>\n<\/div>\n\n<div class=\"wp-block-list\">\n<ul class=\"wp-block-list wp-container-content-f16811eb\">\n<li>Manitas cocidas<\/li>\n\n\n\n<li>Pies deshuesados<\/li>\n\n\n\n<li>Pinchos con palo<\/li>\n\n\n\n<li>Rollitos de jam\u00f3n<\/li>\n\n\n\n<li>Degustaci\u00f3n de queso<\/li>\n\n\n\n<li>Vientre cocido<\/li>\n\n\n\n<li>Chistorra<\/li>\n\n\n\n<li>Chorizos caseros<\/li>\n<\/ul>\n<\/div><\/div>\n<\/div>\n<\/div>\n<\/div>\n<\/div>\n\n\n\n<div class=\"wp-block-group has-global-padding is-layout-constrained wp-block-group-is-layout-constrained\">\n<div class=\"wp-block-group alignwide has-border-color has-global-padding is-layout-constrained wp-block-group-is-layout-constrained\" style=\"border-color:#60d669;border-width:1px;border-radius:4px;margin-top:var(--wp--preset--spacing--40);margin-bottom:var(--wp--preset--spacing--40);padding-top:var(--wp--preset--spacing--20);padding-bottom:var(--wp--preset--spacing--20)\">\n<div class=\"wp-block-group aligncenter has-global-padding is-layout-constrained wp-container-core-group-is-layout-8a400663 wp-block-group-is-layout-constrained\">\n<h2 class=\"wp-block-heading has-text-align-center has-text-color-color has-text-color has-link-color wp-elements-fd63da65c0208b845ecb9efba0e6bb2a\">Haz tu pedido<\/h2>\n\n\n\n<p class=\"has-text-align-center has-large-font-size\" style=\"font-style:normal;font-weight:400\">Haz tu pedido a Cansaladeries Aldom\u00e0 por WhatsApp o tel\u00e9fono y ven a buscarlo cuando te vaya bien. \u00a1F\u00e1cil y r\u00e1pido!<\/p>\n\n\n\n<div class=\"wp-block-buttons is-content-justification-center is-layout-flex wp-container-core-buttons-is-layout-a89b3969 wp-block-buttons-is-layout-flex\">\n<div class=\"wp-block-button whatsappBut is-style-whatsapp\"><a class=\"wp-block-button__link wp-element-button\" href=\"https:\/\/wa.me\/+34640524018\" target=\"_blank\" rel=\"noreferrer noopener\">HACER PEDIDO<\/a><\/div>\n<\/div>\n<\/div>\n<\/div>\n<\/div>\n","protected":false},"excerpt":{"rendered":"<p>Descubre en Cansaladeria Aldom\u00e0 lo mejor de la tradici\u00f3n carnicera: desde nuestros embutidos artesanos hasta las piezas m\u00e1s selectas de carne fresca. Toda la calidad y sabor de una tienda con historia, ahora a un clic de distancia. FRESCOS QUESOS JAMONES CURADOS NUESTROS ELABORADOS<\/p>\n","protected":false},"author":1,"featured_media":0,"parent":0,"menu_order":0,"comment_status":"closed","ping_status":"closed","template":"","meta":{"_seopress_robots_primary_cat":"","_seopress_titles_title":"","_seopress_titles_desc":"","_seopress_robots_index":"","_eb_attr":"","inline_featured_image":false,"footnotes":""},"class_list":["post-866","page","type-page","status-publish","hentry"],"_links":{"self":[{"href":"https:\/\/cansaladeriesaldoma.cat\/es\/wp-json\/wp\/v2\/pages\/866","targetHints":{"allow":["GET"]}}],"collection":[{"href":"https:\/\/cansaladeriesaldoma.cat\/es\/wp-json\/wp\/v2\/pages"}],"about":[{"href":"https:\/\/cansaladeriesaldoma.cat\/es\/wp-json\/wp\/v2\/types\/page"}],"author":[{"embeddable":true,"href":"https:\/\/cansaladeriesaldoma.cat\/es\/wp-json\/wp\/v2\/users\/1"}],"replies":[{"embeddable":true,"href":"https:\/\/cansaladeriesaldoma.cat\/es\/wp-json\/wp\/v2\/comments?post=866"}],"version-history":[{"count":0,"href":"https:\/\/cansaladeriesaldoma.cat\/es\/wp-json\/wp\/v2\/pages\/866\/revisions"}],"wp:attachment":[{"href":"https:\/\/cansaladeriesaldoma.cat\/es\/wp-json\/wp\/v2\/media?parent=866"}],"curies":[{"name":"wp","href":"https:\/\/api.w.org\/{rel}","templated":true}]}}