{"id":873,"date":"2025-07-18T13:27:04","date_gmt":"2025-07-18T11:27:04","guid":{"rendered":"https:\/\/cansaladeriesaldoma.cat\/avis-legal\/"},"modified":"2025-07-22T17:19:28","modified_gmt":"2025-07-22T15:19:28","slug":"avis-legal","status":"publish","type":"page","link":"https:\/\/cansaladeriesaldoma.cat\/es\/avis-legal\/","title":{"rendered":"Aviso legal"},"content":{"rendered":"\n<header class=\"wp-block-group header-pattern has-global-padding is-layout-constrained wp-block-group-is-layout-constrained\" style=\"margin-bottom:var(--wp--preset--spacing--40)\"><nav class=\"breadcrumb\" itemprop=\"breadcrumb\">\n\t<ul>\n\t\t<li class=\"breadcrumb__home\">\n\t\t\t<a href=\"https:\/\/cansaladeriesaldoma.cat\/es\/\">\n\t\t\t\t\t\t\t\t<span class=\"home-text\">Inicio<\/span>\n\t\t\t<\/a>\n\t\t<\/li>\n\t\t\n\t\t\t\t\n\t\t\t\t\n\t<\/ul>\n<\/nav>\n\n\n<h1 class=\"has-text-align-center header-pattern__title wp-block-post-title\">Aviso legal<\/h1><\/header>\n\n\n\n<div class=\"wp-block-group is-style-default has-white-background-color has-background is-layout-flow wp-block-group-is-layout-flow\" style=\"margin-top:var(--wp--preset--spacing--40);margin-bottom:var(--wp--preset--spacing--50);padding-top:var(--wp--preset--spacing--60);padding-bottom:var(--wp--preset--spacing--60)\">\n<div class=\"wp-block-group aligncenter has-global-padding is-layout-constrained wp-block-group-is-layout-constrained\">\n<h3 class=\"wp-block-heading\">1. Identificaci\u00f3n de la empresa<\/h3>\n\n\n\n<p><strong>Nombre comercial:<\/strong>&nbsp;Cansaladeries Aldom\u00e0<br><strong>Direcci\u00f3n:<\/strong>&nbsp;Mercado de Hostafrancs &#8211; C. Creu Coberta, 93 &#8211; Puestos 169-198, 08025 Barcelona<br><strong>Tel\u00e9fono:<\/strong>&nbsp;934 319 679<br><strong>Correo electr\u00f3nico:<\/strong>&nbsp;<a href=\"https:\/\/mailto:info@cansaladeriesaldoma.com\/\" target=\"_blank\" rel=\"noreferrer noopener\">info@cansaladeriesaldoma.com<\/a><\/p>\n\n\n\n<h3 class=\"wp-block-heading\">2. Objeto<\/h3>\n\n\n\n<p>Este aviso legal regula el uso del sitio web (en su caso) y las condiciones generales que rigen el acceso y la utilizaci\u00f3n de los servicios ofrecidos por&nbsp;<strong>Cansaladeries Aldom\u00e0<\/strong>.<\/p>\n\n\n\n<h3 class=\"wp-block-heading\">3. Condiciones de acceso y uso<\/h3>\n\n\n\n<p>El acceso y uso de esta p\u00e1gina web (si existe) implican la aceptaci\u00f3n plena y sin reservas de las condiciones de este aviso legal. En caso de no estar de acuerdo, el usuario debe abstenerse de utilizar los servicios ofrecidos.<\/p>\n\n\n\n<h3 class=\"wp-block-heading\">4. Propiedad intelectual e industrial<\/h3>\n\n\n\n<p>Todos los contenidos, dise\u00f1os, logotipos, im\u00e1genes y c\u00f3digo fuente de esta p\u00e1gina web son propiedad de&nbsp;<strong>Cansaladeries Aldom\u00e0<\/strong>&nbsp;o de terceros que han autorizado su uso, y est\u00e1n protegidos por leyes de propiedad intelectual e industrial. Queda expresamente prohibida su reproducci\u00f3n, distribuci\u00f3n o comunicaci\u00f3n p\u00fablica sin autorizaci\u00f3n previa por escrito.<\/p>\n\n\n\n<h3 class=\"wp-block-heading\">5. Responsabilidad<\/h3>\n\n\n\n<p><strong>Cansaladeries Aldom\u00e0<\/strong>&nbsp;no se hace responsable de:<\/p>\n\n\n<div class=\"wp-block-list\">\n<ul class=\"wp-block-list\">\n<li>Los da\u00f1os y perjuicios derivados del uso ilegal o inadecuado de esta p\u00e1gina web.<\/li>\n\n\n\n<li>Los contenidos o servicios de terceros a los que se pueda acceder mediante enlaces externos.<\/li>\n\n\n\n<li>Los posibles errores t\u00e9cnicos o contenidos inexactos que pudieran aparecer en el sitio web.<\/li>\n<\/ul>\n<\/div>\n\n\n<h3 class=\"wp-block-heading\">6. Protecci\u00f3n de datos personales<\/h3>\n\n\n\n<p>El tratamiento de los datos personales se rige por nuestra&nbsp;<strong>Pol\u00edtica de Privacidad<\/strong>, que cumple con el&nbsp;<strong>Reglamento General de Protecci\u00f3n de Datos (RGPD)<\/strong>&nbsp;y la&nbsp;<strong>Ley Org\u00e1nica 3\/2018 de Protecci\u00f3n de Datos Personales y Garant\u00eda de los Derechos Digitales<\/strong>.<\/p>\n\n\n\n<h3 class=\"wp-block-heading\">7. Legislaci\u00f3n aplicable y jurisdicci\u00f3n<\/h3>\n\n\n\n<p>Este aviso legal se rige por la legislaci\u00f3n espa\u00f1ola. Cualquier controversia derivada de su uso ser\u00e1 sometida a los juzgados y tribunales de&nbsp;<strong>Barcelona<\/strong>, con renuncia expresa a cualquier otra jurisdicci\u00f3n.<\/p>\n\n\n\n<h3 class=\"wp-block-heading\">8. Modificaciones<\/h3>\n\n\n\n<p><strong>Cansaladeries Aldom\u00e0<\/strong>&nbsp;se reserva el derecho de modificar este aviso legal en cualquier momento para adaptarlo a novedades legislativas o cambios operativos. Se recomienda a los usuarios revisarlo peri\u00f3dicamente.<\/p>\n\n\n\n<p><strong>Fecha de entrada en vigor:<\/strong>&nbsp;18.07.2025<\/p>\n\n\n\n<hr class=\"wp-block-separator has-alpha-channel-opacity is-style-dots\" style=\"margin-top:var(--wp--preset--spacing--30);margin-bottom:var(--wp--preset--spacing--30)\"\/>\n\n\n\n<p>*Este aviso legal se ha redactado en cumplimiento de la&nbsp;<strong>Ley 34\/2002 de Servicios de la Sociedad de la Informaci\u00f3n y Comercio Electr\u00f3nico (LSSICE)<\/strong>&nbsp;y otras normativas aplicables. Si la empresa tiene p\u00e1gina web, ser\u00e1 necesario adaptarlo seg\u00fan sus caracter\u00edsticas t\u00e9cnicas y funcionamiento.*<\/p>\n<\/div>\n<\/div>\n","protected":false},"excerpt":{"rendered":"<p>1. Identificaci\u00f3n de la empresa Nombre comercial:&nbsp;Cansaladeries Aldom\u00e0Direcci\u00f3n:&nbsp;Mercado de Hostafrancs &#8211; C. Creu Coberta, 93 &#8211; Puestos 169-198, 08025 BarcelonaTel\u00e9fono:&nbsp;934 319 679Correo electr\u00f3nico:&nbsp;info@cansaladeriesaldoma.com 2. Objeto Este aviso legal regula el uso del sitio web (en su caso) y las condiciones generales que rigen el acceso y la utilizaci\u00f3n de los servicios ofrecidos por&nbsp;Cansaladeries Aldom\u00e0. 3. [&hellip;]<\/p>\n","protected":false},"author":1,"featured_media":0,"parent":0,"menu_order":0,"comment_status":"closed","ping_status":"closed","template":"","meta":{"_seopress_robots_primary_cat":"","_seopress_titles_title":"","_seopress_titles_desc":"","_seopress_robots_index":"","_eb_attr":"","inline_featured_image":false,"footnotes":""},"class_list":["post-873","page","type-page","status-publish","hentry"],"_links":{"self":[{"href":"https:\/\/cansaladeriesaldoma.cat\/es\/wp-json\/wp\/v2\/pages\/873","targetHints":{"allow":["GET"]}}],"collection":[{"href":"https:\/\/cansaladeriesaldoma.cat\/es\/wp-json\/wp\/v2\/pages"}],"about":[{"href":"https:\/\/cansaladeriesaldoma.cat\/es\/wp-json\/wp\/v2\/types\/page"}],"author":[{"embeddable":true,"href":"https:\/\/cansaladeriesaldoma.cat\/es\/wp-json\/wp\/v2\/users\/1"}],"replies":[{"embeddable":true,"href":"https:\/\/cansaladeriesaldoma.cat\/es\/wp-json\/wp\/v2\/comments?post=873"}],"version-history":[{"count":0,"href":"https:\/\/cansaladeriesaldoma.cat\/es\/wp-json\/wp\/v2\/pages\/873\/revisions"}],"wp:attachment":[{"href":"https:\/\/cansaladeriesaldoma.cat\/es\/wp-json\/wp\/v2\/media?parent=873"}],"curies":[{"name":"wp","href":"https:\/\/api.w.org\/{rel}","templated":true}]}}