{"id":874,"date":"2025-07-18T13:11:40","date_gmt":"2025-07-18T11:11:40","guid":{"rendered":"https:\/\/cansaladeriesaldoma.cat\/politica-de-privacitat\/"},"modified":"2025-07-22T17:26:33","modified_gmt":"2025-07-22T15:26:33","slug":"politica-de-privacidad","status":"publish","type":"page","link":"https:\/\/cansaladeriesaldoma.cat\/es\/politica-de-privacidad\/","title":{"rendered":"Pol\u00edtica de privacidad"},"content":{"rendered":"\n<header class=\"wp-block-group header-pattern has-global-padding is-layout-constrained wp-block-group-is-layout-constrained\" style=\"margin-bottom:var(--wp--preset--spacing--40)\"><nav class=\"breadcrumb\" itemprop=\"breadcrumb\">\n\t<ul>\n\t\t<li class=\"breadcrumb__home\">\n\t\t\t<a href=\"https:\/\/cansaladeriesaldoma.cat\/es\/\">\n\t\t\t\t\t\t\t\t<span class=\"home-text\">Inicio<\/span>\n\t\t\t<\/a>\n\t\t<\/li>\n\t\t\n\t\t\t\t\n\t\t\t\t\n\t<\/ul>\n<\/nav>\n\n\n<h1 class=\"has-text-align-center header-pattern__title wp-block-post-title\">Pol\u00edtica de privacidad<\/h1><\/header>\n\n\n\n<div class=\"wp-block-group is-style-default has-white-background-color has-background is-layout-flow wp-block-group-is-layout-flow\" style=\"margin-top:var(--wp--preset--spacing--40);margin-bottom:var(--wp--preset--spacing--50);padding-top:var(--wp--preset--spacing--60);padding-bottom:var(--wp--preset--spacing--60)\">\n<div class=\"wp-block-group aligncenter has-global-padding is-layout-constrained wp-block-group-is-layout-constrained\">\n<p><strong>Cansaladeries Aldom\u00e0<\/strong>&nbsp;respeta y protege su privacidad. Esta pol\u00edtica explica c\u00f3mo recopilamos, utilizamos y protegemos sus datos personales de acuerdo con el&nbsp;<strong>Reglamento General de Protecci\u00f3n de Datos (RGPD)<\/strong>&nbsp;y la legislaci\u00f3n espa\u00f1ola aplicable.<\/p>\n\n\n\n<h3 class=\"wp-block-heading\">1. Responsable del tratamiento de datos<\/h3>\n\n\n\n<p>El responsable del tratamiento de sus datos es:<\/p>\n\n\n\n<p><strong>Cansaladeries Aldom\u00e0<\/strong><br>Mercado de Hostafrancs &#8211; C. Creu Coberta, 93<br>Paradas 169-198 &#8211; 08025, Barcelona<br>Tel\u00e9fono: 934 319 679<br>Correo electr\u00f3nico:&nbsp;<strong><a href=\"https:\/\/mailto:info@cansaladeriesaldoma.com\/\" target=\"_blank\" rel=\"noreferrer noopener\">info@cansaladeriesaldoma.com<\/a><\/strong><\/p>\n\n\n\n<h3 class=\"wp-block-heading\">2. Finalidad del tratamiento de datos<\/h3>\n\n\n\n<p>Sus datos personales podr\u00e1n ser utilizados para:<\/p>\n\n\n<div class=\"wp-block-list\">\n<ul class=\"wp-block-list\">\n<li>Gestionar pedidos, reservas o solicitudes realizadas.<\/li>\n\n\n\n<li>Enviar comunicaciones comerciales (si ha dado su consentimiento).<\/li>\n\n\n\n<li>Responder a consultas o reclamaciones.<\/li>\n\n\n\n<li>Cumplir con obligaciones legales.<\/li>\n<\/ul>\n<\/div>\n\n\n<h3 class=\"wp-block-heading\">3. Legitimaci\u00f3n para el tratamiento<\/h3>\n\n\n\n<p>El tratamiento de sus datos se basa en:<\/p>\n\n\n<div class=\"wp-block-list\">\n<ul class=\"wp-block-list\">\n<li>La ejecuci\u00f3n de un contrato (en caso de compra o reserva).<\/li>\n\n\n\n<li>Su consentimiento expl\u00edcito (para newsletters o promociones).<\/li>\n\n\n\n<li>El inter\u00e9s leg\u00edtimo de la empresa o el cumplimiento de obligaciones legales.<\/li>\n<\/ul>\n<\/div>\n\n\n<h3 class=\"wp-block-heading\">4. Destinatarios de los datos<\/h3>\n\n\n\n<p>Los datos no se ceder\u00e1n a terceros, excepto en caso de obligaci\u00f3n legal o con su consentimiento expl\u00edcito. Podr\u00e1n acceder proveedores de servicios que necesiten tratar los datos para fines estrictamente necesarios (como log\u00edstica o sistemas de pago).<\/p>\n\n\n\n<h3 class=\"wp-block-heading\">5. Plazo de conservaci\u00f3n de los datos<\/h3>\n\n\n\n<p>Conservaremos sus datos mientras mantenga una relaci\u00f3n con nosotros o mientras sean necesarios para cumplir con fines legales. Una vez finalizada esta relaci\u00f3n, los datos se eliminar\u00e1n o anonimizar\u00e1n seg\u00fan la normativa.<\/p>\n\n\n\n<h3 class=\"wp-block-heading\">6. Derechos de los interesados<\/h3>\n\n\n\n<p>Puede ejercer sus derechos de acceso, rectificaci\u00f3n, supresi\u00f3n, limitaci\u00f3n del tratamiento, portabilidad y oposici\u00f3n&nbsp;<strong>mediante un escrito enviado a nuestra direcci\u00f3n postal o correo electr\u00f3nico<\/strong>&nbsp;(indicado en el apartado 1). Tambi\u00e9n tiene derecho a presentar una reclamaci\u00f3n ante la&nbsp;<strong>Agencia Espa\u00f1ola de Protecci\u00f3n de Datos (AEPD)<\/strong>&nbsp;si considera que el tratamiento no se ajusta a la normativa.<\/p>\n\n\n\n<h3 class=\"wp-block-heading\">7. Cookies y datos de navegaci\u00f3n<\/h3>\n\n\n\n<p><em>(Si tiene p\u00e1gina web o app)<\/em><br>En caso de que la empresa utilice cookies, a\u00f1adir:<br><em>\u00abUtilizamos cookies propias y de terceros para mejorar la experiencia de usuario. Puede configurarlas o rechazarlas en la configuraci\u00f3n de su navegador.\u00bb<\/em><\/p>\n\n\n\n<h3 class=\"wp-block-heading\">8. Cambios en la pol\u00edtica de privacidad<\/h3>\n\n\n\n<p>Podemos actualizar esta pol\u00edtica en funci\u00f3n de cambios legales u operativos. Le recomendamos revisarla peri\u00f3dicamente.<\/p>\n\n\n\n<p><strong>Fecha de entrada en vigor: 18.07.2025<\/strong><\/p>\n\n\n\n<p>\u00a1Gracias por confiar en&nbsp;<strong>Cansaladeries Aldom\u00e0<\/strong>!<\/p>\n<\/div>\n<\/div>\n","protected":false},"excerpt":{"rendered":"<p>Cansaladeries Aldom\u00e0&nbsp;respeta y protege su privacidad. Esta pol\u00edtica explica c\u00f3mo recopilamos, utilizamos y protegemos sus datos personales de acuerdo con el&nbsp;Reglamento General de Protecci\u00f3n de Datos (RGPD)&nbsp;y la legislaci\u00f3n espa\u00f1ola aplicable. 1. Responsable del tratamiento de datos El responsable del tratamiento de sus datos es: Cansaladeries Aldom\u00e0Mercado de Hostafrancs &#8211; C. Creu Coberta, 93Paradas 169-198 [&hellip;]<\/p>\n","protected":false},"author":1,"featured_media":0,"parent":0,"menu_order":0,"comment_status":"closed","ping_status":"closed","template":"","meta":{"_seopress_robots_primary_cat":"","_seopress_titles_title":"","_seopress_titles_desc":"","_seopress_robots_index":"","_eb_attr":"","inline_featured_image":false,"footnotes":""},"class_list":["post-874","page","type-page","status-publish","hentry"],"_links":{"self":[{"href":"https:\/\/cansaladeriesaldoma.cat\/es\/wp-json\/wp\/v2\/pages\/874","targetHints":{"allow":["GET"]}}],"collection":[{"href":"https:\/\/cansaladeriesaldoma.cat\/es\/wp-json\/wp\/v2\/pages"}],"about":[{"href":"https:\/\/cansaladeriesaldoma.cat\/es\/wp-json\/wp\/v2\/types\/page"}],"author":[{"embeddable":true,"href":"https:\/\/cansaladeriesaldoma.cat\/es\/wp-json\/wp\/v2\/users\/1"}],"replies":[{"embeddable":true,"href":"https:\/\/cansaladeriesaldoma.cat\/es\/wp-json\/wp\/v2\/comments?post=874"}],"version-history":[{"count":0,"href":"https:\/\/cansaladeriesaldoma.cat\/es\/wp-json\/wp\/v2\/pages\/874\/revisions"}],"wp:attachment":[{"href":"https:\/\/cansaladeriesaldoma.cat\/es\/wp-json\/wp\/v2\/media?parent=874"}],"curies":[{"name":"wp","href":"https:\/\/api.w.org\/{rel}","templated":true}]}}